{"id":1097,"date":"2014-10-10T03:09:51","date_gmt":"2014-10-10T08:09:51","guid":{"rendered":"https:\/\/papeleriaempresarial.com\/?page_id=1097"},"modified":"2016-02-29T08:55:55","modified_gmt":"2016-02-29T13:55:55","slug":"envio-de-archivos-correctos","status":"publish","type":"page","link":"https:\/\/papeleriaempresarial.com\/?page_id=1097","title":{"rendered":"Envio de Archivos Correctos"},"content":{"rendered":"<p><img fetchpriority=\"high\" fetchpriority=\"high\" decoding=\"async\" class=\"size-full wp-image-1415 aligncenter\" src=\"https:\/\/www.papeleriaempresarial.com\/wp-content\/uploads\/2014\/10\/corel-draw-e-illustrator.jpg\" alt=\"corel draw e illustrator\" width=\"670\" height=\"175\" srcset=\"https:\/\/papeleriaempresarial.com\/wp-content\/uploads\/2014\/10\/corel-draw-e-illustrator.jpg 670w, https:\/\/papeleriaempresarial.com\/wp-content\/uploads\/2014\/10\/corel-draw-e-illustrator-510x133.jpg 510w, https:\/\/papeleriaempresarial.com\/wp-content\/uploads\/2014\/10\/corel-draw-e-illustrator-300x78.jpg 300w\" sizes=\"(max-width: 670px) 100vw, 670px\" \/><\/p>\n<table border=\"0\" width=\"100%\">\n<tbody>\n<tr>\n<td width=\"100%\">\n<div align=\"center\"><strong><span style=\"color: #ff0000;\">ENVIO DE ARCHIVOS CORRECTOS<\/span><\/strong><\/div>\n<\/td>\n<\/tr>\n<tr>\n<td>\n<div align=\"justify\">\n<h2>\u00bfC\u00f3mo armar los dise\u00f1os correctamente?<\/h2>\n<div class=\"grid_1\">\n<p>Lo ideal para confeccionar un dise\u00f1o es hacerlo en<strong> Corel Draw o Adobe Illustrator<\/strong>, con tipograf\u00edas en vector.<br \/>\nOtro formato de dise\u00f1o aceptable es el realizado en <strong>Adobe Photoshop<\/strong>, aunque es mucho menos recomendable que los nombrados en primer lugar, debido a que no siempre alcanzan a utilizar el 100% del de los recursos de las impresoras profesionales.<\/p>\n<p>En caso de tener el dise\u00f1o en en otro formato deber\u00e1s enviarlo y te confirmaremos si el mismo es apto para ser impreso. <strong>Dise\u00f1os en Word, Power Point o Publisher, no son recomendados para la impresi\u00f3n<\/strong>, debido a que no fueron ideados para el dise\u00f1o profesional, por lo que puede generase diferencias de color, formas, o tipograf\u00edas. <strong>En caso de que lo \u00fanico que puedas enviarnos sea un dise\u00f1o en alguno de estos formatos cons\u00faltanos previamente<\/strong> para que te podamos ayudar a que tu producto se realice correctamente.<br \/>\nEn ocasiones puede ser necesario el redise\u00f1o y adaptaci\u00f3n a un formato correcto para ser impreso, este servicio tendr\u00e1 un valor adicional al de impresi\u00f3n \/ realizaci\u00f3n, el cual variara seg\u00fan su complejidad.<\/p>\n<h2>Generalidades para Impresi\u00f3n digital\/offset<\/h2>\n<div id=\"subtitulos\">\n<h1 class=\"azul\">(folletos, tarjetas, etiquetas, imanes, etc)<\/h1>\n<\/div>\n<div class=\"grid_1\">\n<h6>&#8211; Dise\u00f1os enviados en formato de imagen, deben estar a por lo menos 450dpi.<\/h6>\n<p>Aunque recomendamos intensamente que los dise\u00f1os sean armados y enviados en Corel o Illustrator en forma vectorial debido a que se logra los mejores resultados, en cuanto a color, resoluci\u00f3n y fidelidad.<\/p>\n<h6>-Utilizar SIEMPRE modo de color CYMK <span class=\"rojo\">(Prohibido el uso de RGB)<\/span><\/h6>\n<p>Para producir la menor diferencia posible de color entre lo que ves en tu pantalla y el resultado final, siempre armar los dise\u00f1os en modo de color CYMK, el archivo se imprime como llega, por lo que en caso de haberlo enviado en otro modo de color que no sea el adecuado <strong>no se aceptaran reclamos<\/strong>.<\/p>\n<h6 class=\"rojo\">&#8211; Prohibido colocar un texto a menos de 4mm. del borde.<\/h6>\n<p>Se recomienda para la mayor\u00eda de los productos una separaci\u00f3n de entre 4 y 5mm entre cualquier borde y un texto. Tambi\u00e9n se aplica a cualquier objeto que debe permanecer dentro del dise\u00f1o impreso. Ver ejemplo debajo.<\/p>\n<h6>&#8211; Realizar el dise\u00f1o al tama\u00f1o real del producto solicitado.<\/h6>\n<p>Si el dise\u00f1o recibido no concuerda con la medida ingresada en el pedido, el sistema autom\u00e1ticamente lo adaptar\u00e1 a la medida solicitada, ocasionando posibles deformaciones en el mismo.<strong> Y no se aceptar\u00e1n reclamos en caso de generarse alg\u00fan problema.<\/strong><\/p>\n<h6>&#8211; Adjuntar un .jpg a 200dpi o 300dpi de tu dise\u00f1o.<\/h6>\n<p>De esta forma podremos corroborar que lo recibido se encuentre en forma correcta.<\/p>\n<h6>&#8211; No utilizar negro compuesto <span class=\"rojo\">Prohibido el uso de C:100% M:100% Y:100% K:100%.<\/span><\/h6>\n<p>No utilizar negros compuestos para fondos y mucho menos para tipograf\u00edas o peque\u00f1os detalles. Nuestras impresoras logran un negro perfecto en los plenos sin manchas ni claros.<br \/>\n<strong>Combinaciones recomendadas:<\/strong><br \/>\n<strong>&#8211; Fondos plenos<\/strong>: solo negro (k) 100%<br \/>\n&#8211; <strong>Textos menores de 15pt<\/strong>: Negro (k) 80% (el resultado sera negro y los peque\u00f1os caracteres saldran bien definidos).<\/p>\n<h6>&#8211; No utilizar tipografias menores a 5 pts.<\/h6>\n<h6>&#8211; Si tu trabajo tiene frente y dorso, especificar claramente cual es uno y otro.<\/h6>\n<p>No cargues frentes y dorsos por separado unificalos en el mismo archivo. y <strong>especificar claramente cual es el frente y el dorso<\/strong> para poder identificar en la etapa de post-impresi\u00f3n (laminado, sectorizado, doblado, troquelado, etc.)<\/p>\n<h6>-Eliminar todos los elementos que no vayan a imprimirse para evitar errores.<\/h6>\n<p>Los dise\u00f1os solo deben contener el trabajo a realizar, m\u00e1s las especificaciones necesarias en caso de ser \u00fatil para comprender el trabajo.<\/p>\n<\/div>\n<\/div>\n<\/div>\n<p align=\"center\"><img decoding=\"async\" class=\"wp-image-1414 size-full aligncenter\" src=\"https:\/\/www.papeleriaempresarial.com\/wp-content\/uploads\/2014\/10\/como_enviar_tarjeta.jpg\" alt=\"como_enviar_tarjeta\" width=\"525\" height=\"177\" srcset=\"https:\/\/papeleriaempresarial.com\/wp-content\/uploads\/2014\/10\/como_enviar_tarjeta.jpg 525w, https:\/\/papeleriaempresarial.com\/wp-content\/uploads\/2014\/10\/como_enviar_tarjeta-510x172.jpg 510w, https:\/\/papeleriaempresarial.com\/wp-content\/uploads\/2014\/10\/como_enviar_tarjeta-300x101.jpg 300w\" sizes=\"(max-width: 525px) 100vw, 525px\" \/><\/p>\n<div class=\"grid_1\">\n<h2>Archivos en Corel Draw<\/h2>\n<h6>&#8211; Convertir las tipograf\u00edas a curvas.<\/h6>\n<p>Una vez abierto el dise\u00f1o en COREL DRAW realizar lo siguiente:<br \/>\n1) asegurarse que todo este desagrupado.<br \/>\n2) ir a men\u00fa<strong> Edici\u00f3n<\/strong> &#8211;&gt;<strong>seleccionar todo<\/strong> &#8212;&gt;&gt; <strong>Texto<\/strong>.<br \/>\n3) men\u00fa <strong>Organizar <\/strong>&#8212;&gt;<strong> convertir a curvas.<\/strong><br \/>\n4) men\u00fa <strong>Archivo <\/strong>&#8212;&gt;<strong> Guardar como<\/strong> (con otro nombre ya que luego no podr\u00e1s modificar los textos).<\/p>\n<h6>&#8211; Fotos y contenido de im\u00e1genes entre 300 y 500 dpi (Puntos Por Pulgada).<\/h6>\n<p>Una vez abierto el dise\u00f1o en COREL DRAW realizar lo siguiente:<br \/>\n1) Seleccionar cada im\u00e1gen del dise\u00f1o y repetir los pasos 2 al 3.<br \/>\n2) ir a men\u00fa <strong>Mapa de bits<\/strong> &#8211;&gt; <strong>Convertir a mapa de bits<\/strong>.<br \/>\n3)Introducir los siguientes par\u00e1metros.<br \/>\nResoluci\u00f3n:<strong> 400ppp<\/strong>. &#8211; Modo de color: <strong>Color CYMK &#8211;<\/strong><br \/>\nOpci\u00f3n <strong>Alisado<\/strong> ACTIVADO &#8211; Opci\u00f3n <strong>Fondo Transparente <\/strong>ACTIVADO.<br \/>\n4) men\u00fa <strong>Archivo<\/strong> &#8212;&gt;<strong> Guardar como<\/strong> (con otro nombre para mantener el dise\u00f1o).<\/p>\n<\/div>\n<div class=\"grid_1\">\n<h2>Archivos en Adobe Illustrator<\/h2>\n<h6>&#8211; Convertir tipografias a contornos<\/h6>\n<p>Una vez abierto el dise\u00f1o en ADOBE ILLUSTRATOR realizar lo siguiente:<br \/>\n1) ir a menu seleccionar -&gt; objeto -&gt;objetos de texto<br \/>\n2) ir a menu texto -&gt; convertir a contornos<br \/>\n3) men\u00fa <strong>Archivo<\/strong> &#8212;&gt; <strong>Guardar una copia<\/strong> (con otro nombre para mantener el dise\u00f1o).<\/p>\n<h6>&#8211; Fotos y contenido de im\u00e1genes entre 300 y 500 dpi (Puntos Por Pulgada)<\/h6>\n<p>Una vez abierto el dise\u00f1o en ADOBE ILLUSTRATOR realizar lo siguiente:<br \/>\n1) Seleccionar cada im\u00e1gen del dise\u00f1o y repetir los pasos 2 al 3 para cada imagen<br \/>\n2) Ir a men\u00fa <strong>Objeto<\/strong> &#8211;&gt;<strong> Rasterizar<\/strong><br \/>\n3) Introducir los siguientes par\u00e1metros<br \/>\nModelo de color: <strong>Color CYMK<\/strong> &#8211; Resoluci\u00f3n: <strong>400ppp<\/strong>. &#8211; &#8211;<strong> Fondo Transparente<\/strong> ACTIVADO<br \/>\n4) men\u00fa<strong> Archivo <\/strong>&#8212;&gt; <strong>Guardar una copia<\/strong> (con otro nombre para mantener el dise\u00f1o original)<\/p>\n<h6>-No enviar con capas bloqueadas, u ocultas.<\/h6>\n<h6>&#8211; Enviar dise\u00f1os con todos los archvios incrustados y con compatibilidad PDF<\/h6>\n<p>Para esto, en el momento de guardar el dise\u00f1o, dentro del recuadro con todas las opciones de guardado <strong>tildar <\/strong><strong>las siguientes opciones<\/strong>:<\/p>\n<p>&#8211; <strong>Crear archivo PDF compatible<\/strong><br \/>\n&#8211;<strong> Incluir archivos enlazados<\/strong><br \/>\n&#8211;<strong> Usar compresion<\/strong><\/p>\n<\/div>\n<div class=\"grid_1\">\n<h2>Archivos en Photoshop<\/h2>\n<h6 class=\"rojo\">Eliminar cualquier capa u objeto que no va ser impreso.<\/h6>\n<p>En caso de haber capas ocultas el sistema autom\u00e1tica mente las desbloquea y se imprimir\u00e1n. <strong>No habra lugar a reclamos en este caso<\/strong>.<\/p>\n<h6>&#8211; Enviar dise\u00f1o separado en capas.<\/h6>\n<p>Recomendamos enviar el dise\u00f1o con las capas separadas para que en caso de ser necesario podamos editar el dise\u00f1o para lograr un mejor resultado de impresi\u00f3n.<\/p>\n<h6>&#8211; Adjuntar un .jpg a 200dpi o 300dpi , como referencia.<\/h6>\n<h6>&#8211; El dise\u00f1o debe ser armado al <span class=\"rojo\">tama\u00f1o real y a por lo menos 400 o 500 dpi.<\/span><\/h6>\n<p>Para esto a la hora de crear el documento en la pantalla de <strong>Nuevo<\/strong>.. seleccionar.<br \/>\n<strong>Anchura y Altura<\/strong>: en mm. del tama\u00f1o del producto a realizar.<br \/>\n<strong>Resoluci\u00f3n:<\/strong> 500 (pixeles\/pulgada).<br \/>\n<strong>Modo de color<\/strong>: CYMK &#8211; 8 bits.<br \/>\n<strong>Contenido de fondo:<\/strong> Transparente.<br \/>\nEn caso de ya haber creado el archivo , se deber\u00e1 modificar desde Menu <strong>Imagen<\/strong> &#8211;&gt; <strong>Tama\u00f1o de imagen.<\/strong><\/p>\n<\/div>\n<div class=\"grid_1\">\n<h2>Impresi\u00f3n gigantograf\u00edas<\/h2>\n<h1 class=\"azul\">(vinilos, banners, carteleria)<\/h1>\n<h6 class=\"rojo\">&#8211; Dise\u00f1os enviados en formato de imagen, deben estar entre 100 y 150dpi. NO MAS DE ESTO.<\/h6>\n<p>Si realizaste un dise\u00f1o y el mismo resulta muy pesado para poder enviarlo por mail o por el sistema de subida de archivos, exportarlo a .jpg en tama\u00f1o real, y a una resoluci\u00f3n de 150dpi. o ppp. Si env\u00edas dise\u00f1os en Corel Draw o Adobe Ilustrator, las imagenes utilizadas en los originales no deben superar los 150dpi, debido a que si se utilizan en mayor resoluci\u00f3n se generan archivos muy pesados, y el resultado final de impresi\u00f3n no va a ser superior.<\/p>\n<h6>-Utilizar SIEMPRE modo de color CYMK<span style=\"color: #ff0000;\"> (<span class=\"rojo\">Prohibido el uso de RGB)<\/span><\/span><\/h6>\n<p>Para producir la menor diferencia posible de color entre lo que ves en tu pantalla y el resultado final, siempre armar los dise\u00f1os en modo de color CYMK, el archivo se imprime como llega, por lo que en caso de haberlo enviado en otro modo de color que no sea el adecuado <strong>no se aceptaran reclamos.<\/strong><\/p>\n<h6 class=\"rojo\">&#8211; Prohibido colocar un texto a menos de 1cm. del borde.<\/h6>\n<p>Se recomienda para la mayor\u00eda de los productos una separaci\u00f3n de entre 1.5cm. y 1cm. entre cualquier borde y un texto. Tambi\u00e9n se aplica a cualquier objeto que debe permanecer dentro del dise\u00f1o impreso.<\/p>\n<h6>&#8211; Realizar el dise\u00f1o al tama\u00f1o real del producto solicitado.<\/h6>\n<p>Si el dise\u00f1o recibido no concuerda con la medida ingresada en el pedido, el sistema autom\u00e1ticamente lo adaptar\u00e1 a la medida solicitada, ocasionando posibles deformaciones en el mismo.<\/p>\n<h6>&#8211; Para fondos negros utilizar C:20% M:20% Y:20% K:100%.<\/h6>\n<h6>&#8211; No utilizar tipograf\u00edas menores a 35 pts. o 9mm de altura.<\/h6>\n<h6>-Eliminar todos los elementos que no vayan a imprimirse para evitar errores.<\/h6>\n<p>Los dise\u00f1os solo deben contener el trabajo a realizar, m\u00e1s las especificaciones necesarias en caso de ser \u00fatil para comprender el trabajo.<\/p>\n<\/div>\n<div class=\"linea\"><\/div>\n<h6 style=\"text-align: center;\"><span style=\"color: #ff0000;\">&#8212;&#8212;&#8212;&#8212;&#8212;&#8212;&#8212;&#8212;Garantia para los trabajos de PAPELERIA EMPRESARIAL GROUP\u00a0&#8212;&#8212;&#8212;&#8212;&#8212;&#8212;&#8212;&#8212;&#8212;<\/span><\/h6>\n<p>Para realizar cualquier tipo de reclamo acerca de la impresi\u00f3n o terminaci\u00f3n del producto se deber\u00e1 cumplir con las indicaciones dadas en esta secci\u00f3n, en caso de no haberlo hecho, se evaluar\u00e1 si esta falta tuvo incidencia en el conflicto producido. De ser afirmativo no se tomar\u00e1 en cuenta dicho reclamo realizado acerca de esta cuesti\u00f3n.<\/p>\n<p align=\"justify\">LLAMENOS (57 1) 8810790 (57) 311 244 98 77 BOGOTA &#8211; COLOMBIA<\/p>\n<\/td>\n<\/tr>\n<\/tbody>\n<\/table>\n","protected":false},"excerpt":{"rendered":"<p>ENVIO DE ARCHIVOS CORRECTOS \u00bfC\u00f3mo armar los dise\u00f1os correctamente? Lo ideal para confeccionar un dise\u00f1o es hacerlo en Corel Draw o Adobe Illustrator, con tipograf\u00edas en vector. Otro formato de dise\u00f1o aceptable es el realizado en Adobe Photoshop, aunque es mucho menos recomendable que los nombrados en primer lugar, debido a que no siempre alcanzan [&hellip;]<\/p>\n","protected":false},"author":50,"featured_media":0,"parent":0,"menu_order":0,"comment_status":"open","ping_status":"open","template":"","meta":{"_et_pb_use_builder":"","_et_pb_old_content":"","_et_gb_content_width":"","inline_featured_image":false,"_monsterinsights_skip_tracking":false,"_monsterinsights_sitenote_active":false,"_monsterinsights_sitenote_note":"","_monsterinsights_sitenote_category":0,"_joinchat":[],"footnotes":""},"class_list":["post-1097","page","type-page","status-publish","hentry"],"aioseo_notices":[],"_links":{"self":[{"href":"https:\/\/papeleriaempresarial.com\/index.php?rest_route=\/wp\/v2\/pages\/1097","targetHints":{"allow":["GET"]}}],"collection":[{"href":"https:\/\/papeleriaempresarial.com\/index.php?rest_route=\/wp\/v2\/pages"}],"about":[{"href":"https:\/\/papeleriaempresarial.com\/index.php?rest_route=\/wp\/v2\/types\/page"}],"author":[{"embeddable":true,"href":"https:\/\/papeleriaempresarial.com\/index.php?rest_route=\/wp\/v2\/users\/50"}],"replies":[{"embeddable":true,"href":"https:\/\/papeleriaempresarial.com\/index.php?rest_route=%2Fwp%2Fv2%2Fcomments&post=1097"}],"version-history":[{"count":3,"href":"https:\/\/papeleriaempresarial.com\/index.php?rest_route=\/wp\/v2\/pages\/1097\/revisions"}],"predecessor-version":[{"id":1416,"href":"https:\/\/papeleriaempresarial.com\/index.php?rest_route=\/wp\/v2\/pages\/1097\/revisions\/1416"}],"wp:attachment":[{"href":"https:\/\/papeleriaempresarial.com\/index.php?rest_route=%2Fwp%2Fv2%2Fmedia&parent=1097"}],"curies":[{"name":"wp","href":"https:\/\/api.w.org\/{rel}","templated":true}]}}