{"id":1224,"date":"2015-04-19T22:45:44","date_gmt":"2015-04-20T03:45:44","guid":{"rendered":"https:\/\/papeleriaempresarial.com\/?page_id=1224"},"modified":"2015-04-20T07:01:01","modified_gmt":"2015-04-20T12:01:01","slug":"terminos-y-condiciones-para-el-uso-de-papeleria-empresarial","status":"publish","type":"page","link":"https:\/\/papeleriaempresarial.com\/?page_id=1224","title":{"rendered":"Terminos y condiciones"},"content":{"rendered":"<pre style=\"text-align: center;\"><span style=\"font-family: verdana, geneva;\"><strong><span style=\"color: #000000; font-size: large;\">T\u00c9RMINOS Y CONDICIONES<\/span><\/strong><\/span><\/pre>\n<p style=\"text-align: justify;\"><span style=\"font-family: helvetica; color: #000000;\">Lea atentamente estas condiciones. Estas Condiciones regulan el acceso y el uso de este Sitio.<\/span><\/p>\n<p style=\"text-align: justify;\"><span style=\"font-family: helvetica; color: #000000;\">Al acceder este Sitio, se aceptan todas las condiciones y reglamentos. papeleriaempresarial.com se reserva el derecho de modificarlo en cualquier momento.<\/span><\/p>\n<p><span style=\"font-family: helvetica; color: #000000;\">El proceso de compra queda confirmado cuando el pago se ha comprobado por nuestro equipo.\u00a0<\/span><\/p>\n<p><span style=\"color: #000000; font-family: helvetica;\">Esta confirmaci\u00f3n esta sujeta dependiendo del\u00a0m\u00e9todo\u00a0de pago, y puede demorarse 1 o 2 d\u00edas en el caso de transferencias realizadas desde otras entidades. Los\u00a0datos para realizar las\u00a0transferencias\u00a0aparecen en la propuesta de pedido que recibir\u00e1n cuando rellenen el formulario correspondiente al producto elegido.\u00a0Cuando se realiza el pago, quedar\u00e1n aceptadas las condiciones de venta y la caracter\u00edsticas de los productos solicitados. Los plazos de entrega que aqu\u00ed se indican son orientativos y estar\u00e1n sujetos a las condiciones de producci\u00f3n y los posibles imprevistos del transporte, siendo el plazo\u00a0m\u00e1ximo\u00a0de\u00a015 d\u00edas laborables (despu\u00e9s\u00a0de la aceptaci\u00f3n del pago y el\u00a0env\u00edo\u00a0y aceptaci\u00f3n por nuestra parte de los archivos). Las cancelaciones de pedidos\u00a0posteriores al pago y a la revisi\u00f3n de archivos, no supondr\u00e1n la devoluci\u00f3n por nuestra parte, y los importes pagados en estos casos quedar\u00e1n en deposito para pedidos posteriores.\u00a0<\/span><\/p>\n<p><span style=\"font-family: helvetica; color: #000000;\">Los precios de las tablas siempre corresponden a un solo modelo de archivos. Cuando se quieran realizar impresiones de varios modelos, debera a\u00f1adir 1 producto por modelo a la cesta de la compra.<\/span><\/p>\n<p><span style=\"font-family: helvetica; color: #000000;\">La empresa se reserva la variaci\u00f3n del tama\u00f1o final hasta en un 8% para ajustes de papel y cortes finales.<\/span><\/p>\n<p><span style=\"font-family: helvetica; color: #000000;\">Los archivos deben ajustarse a las caracter\u00edsticas indicadas. No nos hacemos cargo del resultado final de documentos con caracteres pixelados o fotos incrustadas con baja resoluci\u00f3n. En el caso de que en archivos PDF, PSD o documentos de programas especificos, no se hallan incrustado todos los datos existentes (fuentes, fotos, y textos), no nos responsabilizamos de que el resultado final no halla sido exactamente igual al que usted ve en su monitor.<\/span><\/p>\n<pre style=\"text-align: justify;\"><span style=\"font-family: tahoma, arial, helvetica, sans-serif;\"><strong><span style=\"color: #000000; font-size: large;\">Derechos de Autor y Propiedad Intelectual<\/span><\/strong><\/span><\/pre>\n<p style=\"text-align: justify;\"><span style=\"font-family: helvetica; color: #000000;\">El contenido de gr\u00e1ficos, im\u00e1genes, texto, herramientas de software, es propiedad intelectual de papeleriaempresarial.com<\/span><\/p>\n<p style=\"text-align: justify;\"><span style=\"font-family: helvetica; color: #000000;\">Todos los derechos de todo su contenido est\u00e1n reservados. Queda prohibido retener, plagiar, publicar o utilizar la totalidad o parte del contenido.<\/span><\/p>\n<pre style=\"text-align: justify;\"><strong><span style=\"font-family: tahoma, arial, helvetica, sans-serif; color: #000000; font-size: large;\">PERMISOS<\/span><\/strong><\/pre>\n<p style=\"text-align: justify;\"><span style=\"font-family: helvetica; color: #000000;\">\u00danicamente se concede permiso para utilizar este Sitio para calcular el precio de los servicios de papeleriaempresarial.com<\/span><br \/>\n<span style=\"font-family: helvetica; color: #000000;\">El usuario se compromete a:<\/span><\/p>\n<ul style=\"text-align: justify;\">\n<li><span style=\"font-family: helvetica; color: #000000;\">No utilizar este sitio servicios ajenos a papeleriaempresarial.com.<\/span><\/li>\n<li><span style=\"font-family: helvetica; color: #000000;\">No utilizar este sitio para productos ilegales u ofensivos.<\/span><\/li>\n<li><span style=\"font-family: helvetica; color: #000000;\">No incluir ninguna imagen o marca registradas sin los correspondientes permisos.<\/span><\/li>\n<li><span style=\"font-family: helvetica; color: #000000;\">Autorizar a papeleriaempresarial.com para realizar su pedido.<\/span><\/li>\n<\/ul>\n<p style=\"text-align: justify;\"><span style=\"font-family: helvetica; color: #000000;\">papeleriaempresarial.com\u00a0<strong>SE RESERVA EL DERECHO DE INTERRUMPIR LA PRODUCCI\u00d3N DE TRABAJOS QUE NO CUMPLAN ESTAS CONDICIONES.<\/strong>\u00a0IDEASPIXEL se reserva el derecho a cancelar la impresi\u00f3n de cualquier trabajo con la consiguiente devoluci\u00f3n del importe pagado al comprador.<\/span><\/p>\n<pre style=\"text-align: justify;\"><span style=\"font-family: verdana, geneva;\"><strong><span style=\"color: #000000; font-size: large;\">LEGISLACI\u00d3N APLICABLE Y JURISDICCI\u00d3N COMPETENTE<\/span><\/strong><\/span><\/pre>\n<p style=\"text-align: justify;\"><span style=\"font-family: helvetica; color: #000000;\">papeleriaempresarial.com tiene su sede en Bogot\u00e1 y Zipaquir\u00e1 Cundinamarca. Los asuntos relacionados con la protecci\u00f3n o mal uso de materiales con derechos de autor o de propiedad intelectual, as\u00ed como los relacionados con el acceso o utilizaci\u00f3n de este sitio, se regir\u00e1n por las leyes colombianas. Usted se compromete a someterse a los juzgados competentes y acepta que la jurisdicci\u00f3n en estos juzgados y tribunales es apropiada en tal acci\u00f3n legal o procedimiento.<\/span><\/p>\n<pre style=\"text-align: justify;\"><strong><span style=\"font-family: verdana, geneva; color: #000000; font-size: large;\">Env\u00edos<\/span><\/strong><\/pre>\n<p style=\"text-align: justify;\"><span style=\"font-family: helvetica; color: #000000;\">Utilizamos las principales compa\u00f1\u00edas de Paqueter\u00eda (Servientrega, Interrapidisimo, Deprisa, UPS, Dhl, Fedex&#8230;). Los plazos de entrega son orientativos puediendo adelantarse o retrasarse, y siempre depender\u00e1n de las condiciones de fabricaci\u00f3n y de los posibles imprevistos del tranporte. Seg\u00fan nuestras estadisticas 95% de los pedidos se entregan en las fechas previstas. Los pedidos se procesan entre las 10 y las 12 de la ma\u00f1ana, los pedidos realizados posteriormente se procesar\u00e1n al d\u00eda siguiente entre las 10 y las 12 horas.<\/span><\/p>\n<p style=\"text-align: justify;\"><span style=\"font-family: helvetica; color: #000000;\">Los plazos de entrega se detallan en cada producto disponiendo de plazos normales o Express. Todos las entregas a San Andr\u00e9s, Choc\u00f3\u00a0y Amazonas, asi como lugares apartados de Colombia, se demorar\u00e1n 3-4 d\u00edas respecto a los plazos indicados en las Tablas de precios.<\/span><\/p>\n<p style=\"text-align: justify;\"><span style=\"font-family: helvetica; color: #000000;\">El precio del env\u00edo esta incluido para la ciudad de Bogot\u00e1,\u00a0y Ciudades Principales. (No incluido para San Andr\u00e9s, Choc\u00f3\u00a0y Amazonas, asi como lugares apartados de Colombia).<\/span><\/p>\n<p style=\"text-align: justify;\"><span style=\"font-family: helvetica; color: #000000;\">Los plazos de entrega indicados est\u00e1n expresados en d\u00edas laborables. (no se cuentan sabados, domingos y festivos)<\/span><\/p>\n<pre style=\"text-align: justify;\"><strong><span style=\"font-family: verdana, geneva; color: #000000; font-size: large;\">ENTREGA NORMAL<\/span><\/strong><\/pre>\n<p style=\"text-align: justify;\"><span style=\"font-family: helvetica; color: #000000;\">El plazo de entrega normal depender\u00e1 del producto y oscila entre 6 y 12 d\u00edas laborables (fabricaci\u00f3n y entrega).<\/span><\/p>\n<pre style=\"text-align: justify;\"><span style=\"font-family: verdana, geneva; font-size: large;\"><strong><span style=\"color: #000000;\">ENTREGA EXPRESS<\/span><\/strong><\/span><\/pre>\n<p style=\"text-align: justify;\"><span style=\"font-family: helvetica; color: #000000;\">En plazos de entrega EXPRESS la entrega ser\u00e1 entre 1 y dos d\u00edas.<\/span><\/p>\n<p><span style=\"font-family: helvetica; color: #000000;\">En capitales de provincia ser\u00e1 1 d\u00eda (pedidos procesados antes de las 10 de la ma\u00f1ana)<\/span><\/p>\n<p><span style=\"font-family: helvetica; color: #000000;\">En Localidades ser\u00e1 de 2 d\u00edas (Pedidos procesados antes de las 10 de la ma\u00f1ana).<\/span><\/p>\n<p><span style=\"font-family: helvetica; color: #000000;\">El plazo es para pedidos realizados antes de las 10 de la ma\u00f1ana el resto de pedidos del d\u00eda habr\u00e1 que contar que se procesar\u00e1n al d\u00eda siguiente antes de las 10 de la ma\u00f1ana.<\/span><\/p>\n<pre style=\"text-align: justify;\"><span style=\"font-family: verdana, geneva; font-size: large;\"><strong><span style=\"color: #000000;\">Devoluciones<\/span><\/strong><\/span><\/pre>\n<p style=\"text-align: justify;\"><span style=\"font-family: helvetica; color: #000000;\">No se realizan devoluciones de ning\u00fan pedido. Los unicos casos de devoluci\u00f3n del pago ser\u00e1 en el caso de que se haya cometido un error de impresi\u00f3n achacable a nosotros y que el pedido tenga una fecha fija de utilizaci\u00f3n (conciertos con fecha concreta y sea imposible la reimpresi\u00f3n).<\/span><\/p>\n<p style=\"text-align: justify;\"><span style=\"font-family: helvetica; color: #000000;\">En otros casos de errores de impresi\u00f3n achacables a nosotros se realizar\u00e1 la reimpresi\u00f3n siempre que se nos notifique con un m\u00e1ximo de 48 horas despu\u00e9s de la entrega.<\/span><\/p>\n<p style=\"text-align: justify;\"><span style=\"font-family: helvetica; color: #000000;\">Cuando usted detecte fallos en archivos posterior a la subida de los archivos dispondr\u00e1 de 4 horas para notificarnos por email o por tel\u00e9fono la supresi\u00f3n de los archivos erroneos.<\/span><\/p>\n<p style=\"text-align: justify;\"><span style=\"font-family: helvetica; color: #000000;\">Una vez el pedido se encuentre en impresi\u00f3n ya no se podr\u00e1n hacer modificaciones y el proceso de impresi\u00f3n y entrega llegar\u00e1 hasta el final.<\/span><\/p>\n<pre style=\"text-align: justify;\"><strong><span style=\"font-family: verdana, geneva; color: #000000; font-size: large;\">Politica de privacidad y seguridad<\/span><\/strong><\/pre>\n<p style=\"text-align: justify;\"><span style=\"font-family: helvetica; color: #000000;\">La utilizaci\u00f3n de ciertos servicios o solicitudes dirigidas a papeleriaempresarial.com est\u00e1n condicionadas a la previa cumplimentaci\u00f3n del correspondiente registro de Usuario. Una vez registrado como Usuario de la web de papeleriaempresarial.com, papeleriaempresarial.com le proporcionar\u00e1 los c\u00f3digos identificativos y claves necesarias para poder operar en la Web, identific\u00e1ndolo como Cliente de papeleriaempresarial.com a todos los efectos.Los c\u00f3digos identificativos y claves de acceso que papeleriaempresarial.com proporciona al Usuario tienen car\u00e1cter personal e intransferible, siendo obligaci\u00f3n del Usuario registrado comunicar a papeleriaempresarial.com los eventuales cambios que se produzcan en sus datos personales.El Usuario consiente expresamemte la incorporaci\u00f3n de nuevos servicios en la Web que papeleriaempresarial.com pudiera implantar en cada momento, as\u00ed como a la modificaci\u00f3n de las caracter\u00edsticas, precios y otras condiciones de los servicios ya existentes.Es responsabilidad del Usuario registrado prestar la diligencia debida para impedir el acceso y\/o utilizaci\u00f3n a la Web por parte de terceros que accedan o utilicen en su nombre los c\u00f3digos o claves identificativas. Asimismo, el Usuario registrado es el \u00fanico responsable de la elecci\u00f3n, p\u00e9rdida, sustracci\u00f3n o utilizaci\u00f3n no autorizada de cualquier c\u00f3digo o clave identificativa y de las consecuencias que de ello se puedan derivar.<\/span><\/p>\n<p style=\"text-align: justify;\"><span style=\"font-family: helvetica; color: #000000;\">El Usuario podr\u00e1 en todo momento darse de baja de forma autom\u00e1tica como Usuario de la Web, sin que dicha decisi\u00f3n pueda tener car\u00e1cter retroactivo, comunic\u00e1ndolo a gerencia@papeleriaempresarial.com. Toda la informaci\u00f3n que facilite el Usuario a trav\u00e9s de los formularios de nuestra Web a los efectos anteriores o cualesquiera otros deber\u00e1 ser veraz. A estos efectos, el Usuario garantiza la autenticidad de todos aquellos datos que comunique y mantendr\u00e1 la informaci\u00f3n facilitada a papeleriaempresarial.com perfectamente actualizada de forma que responda, en todo momento, a la situaci\u00f3n real del Usuario. En todo caso ser\u00e1 el Usuario el \u00fanico responsable de las manifestaciones falsas o inexactas que realice y de los perjuicios que cause a papeleriaempresarial.com o a terceros por la informaci\u00f3n que facilite.<\/span><\/p>\n<p style=\"text-align: justify;\"><span style=\"font-family: helvetica; color: #000000;\">La utilizaci\u00f3n de ciertos servicios o solicitudes dirigidas a papeleriaempresarial.com est\u00e1n condicionadas a la previa cumplimentaci\u00f3n del correspondiente registro de Usuario. Una vez registrado como Usuario de la web de papeleriaempresarial.com, papeleriaempresarial.com le proporcionar\u00e1 los c\u00f3digos identificativos y claves necesarias para poder operar en la Web, identific\u00e1ndolo como Cliente de papeleriaempresarial.com a todos los efectos.<\/span><\/p>\n<p style=\"text-align: justify;\"><span style=\"font-family: helvetica; color: #000000;\">Los c\u00f3digos identificativos y claves de acceso que papeleriaempresarial.com proporciona al Usuario tienen car\u00e1cter personal e intransferible, siendo obligaci\u00f3n del Usuario registrado comunicar a papeleriaempresarial.com los eventuales cambios que se produzcan en sus datos personales.<\/span><\/p>\n<p style=\"text-align: justify;\"><span style=\"font-family: helvetica; color: #000000;\">El Usuario consiente expresamemte la incorporaci\u00f3n de nuevos servicios en la Web que papeleriaempresarial.com pudiera implantar en cada momento, as\u00ed como a la modificaci\u00f3n de las caracter\u00edsticas, precios y otras condiciones de los servicios ya existentes.<\/span><\/p>\n<p style=\"text-align: justify;\"><span style=\"font-family: helvetica; color: #000000;\">Es responsabilidad del Usuario registrado prestar la diligencia debida para impedir el acceso y\/o utilizaci\u00f3n a la Web por parte de terceros que accedan o utilicen en su nombre los c\u00f3digos o claves identificativas. Asimismo, el Usuario registrado es el \u00fanico responsable de la elecci\u00f3n, p\u00e9rdida, sustracci\u00f3n o utilizaci\u00f3n no autorizada de cualquier c\u00f3digo o clave identificativa y de las consecuencias que de ello se puedan derivar.<\/span><\/p>\n<p style=\"text-align: justify;\"><span style=\"font-family: helvetica; color: #000000;\">El Usuario podr\u00e1 en todo momento darse de baja de forma autom\u00e1tica como Usuario de la Web, sin que dicha decisi\u00f3n pueda tener car\u00e1cter retroactivo, comunic\u00e1ndolo a imprenta@papeleriaempresarial.com<\/span><\/p>\n<p style=\"text-align: justify;\"><span style=\"font-family: helvetica; color: #000000;\">Toda la informaci\u00f3n que facilite el Usuario a trav\u00e9s de los formularios de nuestra Web a los efectos anteriores o cualesquiera otros deber\u00e1 ser veraz. A estos efectos, el Usuario garantiza la autenticidad de todos aquellos datos que comunique y mantendr\u00e1 la informaci\u00f3n facilitada a papeleriaempresarial.com perfectamente actualizada de forma que responda, en todo momento, a la situaci\u00f3n real del Usuario. En todo caso ser\u00e1 el Usuario el \u00fanico responsable de las manifestaciones falsas o inexactas que realice y de los perjuicios que cause a papeleriaempresarial.com o a terceros por la informaci\u00f3n que facilite.<\/span><\/p>\n","protected":false},"excerpt":{"rendered":"<p>T\u00c9RMINOS Y CONDICIONES Lea atentamente estas condiciones. Estas Condiciones regulan el acceso y el uso de este Sitio. Al acceder este Sitio, se aceptan todas las condiciones y reglamentos. papeleriaempresarial.com se reserva el derecho de modificarlo en cualquier momento. El proceso de compra queda confirmado cuando el pago se ha comprobado por nuestro equipo.\u00a0 Esta [&hellip;]<\/p>\n","protected":false},"author":50,"featured_media":0,"parent":0,"menu_order":0,"comment_status":"open","ping_status":"closed","template":"","meta":{"_et_pb_use_builder":"","_et_pb_old_content":"","_et_gb_content_width":"","inline_featured_image":false,"_monsterinsights_skip_tracking":false,"_monsterinsights_sitenote_active":false,"_monsterinsights_sitenote_note":"","_monsterinsights_sitenote_category":0,"_joinchat":[],"footnotes":""},"class_list":["post-1224","page","type-page","status-publish","hentry"],"aioseo_notices":[],"_links":{"self":[{"href":"https:\/\/papeleriaempresarial.com\/index.php?rest_route=\/wp\/v2\/pages\/1224","targetHints":{"allow":["GET"]}}],"collection":[{"href":"https:\/\/papeleriaempresarial.com\/index.php?rest_route=\/wp\/v2\/pages"}],"about":[{"href":"https:\/\/papeleriaempresarial.com\/index.php?rest_route=\/wp\/v2\/types\/page"}],"author":[{"embeddable":true,"href":"https:\/\/papeleriaempresarial.com\/index.php?rest_route=\/wp\/v2\/users\/50"}],"replies":[{"embeddable":true,"href":"https:\/\/papeleriaempresarial.com\/index.php?rest_route=%2Fwp%2Fv2%2Fcomments&post=1224"}],"version-history":[{"count":6,"href":"https:\/\/papeleriaempresarial.com\/index.php?rest_route=\/wp\/v2\/pages\/1224\/revisions"}],"predecessor-version":[{"id":1226,"href":"https:\/\/papeleriaempresarial.com\/index.php?rest_route=\/wp\/v2\/pages\/1224\/revisions\/1226"}],"wp:attachment":[{"href":"https:\/\/papeleriaempresarial.com\/index.php?rest_route=%2Fwp%2Fv2%2Fmedia&parent=1224"}],"curies":[{"name":"wp","href":"https:\/\/api.w.org\/{rel}","templated":true}]}}