{"id":1520,"date":"2016-06-05T07:34:21","date_gmt":"2016-06-05T12:34:21","guid":{"rendered":"https:\/\/papeleriaempresarial.com\/?post_type=product&#038;p=1520"},"modified":"2025-06-06T07:28:26","modified_gmt":"2025-06-06T12:28:26","slug":"tarjetas-de-presentacion-mate-uv-4x4-tintas","status":"publish","type":"product","link":"https:\/\/papeleriaempresarial.com\/?product=tarjetas-de-presentacion-mate-uv-4x4-tintas","title":{"rendered":"1000 Tarjetas de Presentaci\u00f3n Mate Uv 4&#215;4 Tintas"},"content":{"rendered":"<p><strong>Impresion de Tarjetas Pl\u00e1stificado Mate 4\u00d74 Tintas:<\/strong><\/p>\n<p>Papel Propalcote de 300 Gramos<br \/>\nTama\u00f1o 9\u00d75.5 Cm<br \/>\nPlastificado Mate x 2 Caras<br \/>\nBrillo Parcial x 2 Caras<br \/>\nTiempo de Entrega 4 a 5 D\u00edas<br \/>\n<strong>Entrega a Domicilio Gratis<\/strong><br \/>\nCantidad: 1000 Unidades<br \/>\nLl\u00e1menos: 311 244 98 77 \u2013 304 242 4252<br \/>\nEmail: ventas@papeleriaempresarial.com<\/p>\n<p>Las <strong>tarjetas<\/strong> son un elemento fundamental en la comunicaci\u00f3n de cualquier empresa o negocio. Es el punto de partida para darse a conocer de cara a los clientes potenciales. En Papeleria Empresarial somos conscientes de la importancia de este elemento gr\u00e1fico, y por ello somos especialistas en la creaci\u00f3n, dise\u00f1o e <strong>impresi\u00f3n de tarjetas de Presentaci\u00f3n economicas.<\/strong><\/p>\n<p>Por nuestro gran volumen de pedidos, podemos agrupar todas las tarjetas comerciales desde cantidades peque\u00f1as, en pliegos para imprimir en Offset,<strong> Impresi\u00f3n por cupos de tarjetas de presentaci\u00f3n<\/strong>. De esta manera podemos ofrecer la mejor <strong>calidad de impresi\u00f3n<\/strong> en todas las cantidades de nuestras tablas de precios.<\/p>\n<p>Respecto a los dise\u00f1os de tarjetas de visita o <strong>tarjetas personales<\/strong>, pueden aportar el cliente o podemos dise\u00f1arlo nosotros desde nuestro estudio de dise\u00f1o. Tambi\u00e9n disponemos de plantillas personalizadas para realizar los dise\u00f1os, modificando las im\u00e1genes y datos de las<strong> tarjetas de presentaci\u00f3n.<\/strong><\/p>\n","protected":false},"excerpt":{"rendered":"<p><strong>Impresion de Tarjetas Pl\u00e1stificado Mate 4\u00d74 Tintas:<\/strong><\/p>\n<p>Papel Propalcote de 300 Gramos<br \/>\nTama\u00f1o 9\u00d75.5 Cm<br \/>\nPlastificado Mate x 2 Caras<br \/>\nBrillo Parcial x 2 Caras<br \/>\nTiempo de Entrega 4 a 5 D\u00edas<br \/>\n<strong>Entrega a Domicilio Gratis<\/strong><br \/>\nCantidad: 1000 Unidades<br \/>\nLl\u00e1menos: 311 244 98 77<br \/>\nEmail: ventas@papeleriaempresarial.com<\/p>\n","protected":false},"featured_media":1521,"comment_status":"open","ping_status":"closed","template":"","meta":{"_et_pb_use_builder":"","_et_pb_old_content":"","_et_gb_content_width":"","inline_featured_image":false,"_monsterinsights_skip_tracking":false,"_monsterinsights_sitenote_active":false,"_monsterinsights_sitenote_note":"","_monsterinsights_sitenote_category":0,"_joinchat":[]},"product_brand":[],"product_cat":[332],"product_tag":[333],"class_list":{"0":"post-1520","1":"product","2":"type-product","3":"status-publish","4":"has-post-thumbnail","6":"product_cat-tarjetas-de-presentacion","7":"product_tag-tarjetas-mate-y-uv","9":"first","10":"instock","11":"taxable","12":"shipping-taxable","13":"purchasable","14":"product-type-simple"},"aioseo_notices":[],"_links":{"self":[{"href":"https:\/\/papeleriaempresarial.com\/index.php?rest_route=\/wp\/v2\/product\/1520","targetHints":{"allow":["GET"]}}],"collection":[{"href":"https:\/\/papeleriaempresarial.com\/index.php?rest_route=\/wp\/v2\/product"}],"about":[{"href":"https:\/\/papeleriaempresarial.com\/index.php?rest_route=\/wp\/v2\/types\/product"}],"replies":[{"embeddable":true,"href":"https:\/\/papeleriaempresarial.com\/index.php?rest_route=%2Fwp%2Fv2%2Fcomments&post=1520"}],"wp:featuredmedia":[{"embeddable":true,"href":"https:\/\/papeleriaempresarial.com\/index.php?rest_route=\/wp\/v2\/media\/1521"}],"wp:attachment":[{"href":"https:\/\/papeleriaempresarial.com\/index.php?rest_route=%2Fwp%2Fv2%2Fmedia&parent=1520"}],"wp:term":[{"taxonomy":"product_brand","embeddable":true,"href":"https:\/\/papeleriaempresarial.com\/index.php?rest_route=%2Fwp%2Fv2%2Fproduct_brand&post=1520"},{"taxonomy":"product_cat","embeddable":true,"href":"https:\/\/papeleriaempresarial.com\/index.php?rest_route=%2Fwp%2Fv2%2Fproduct_cat&post=1520"},{"taxonomy":"product_tag","embeddable":true,"href":"https:\/\/papeleriaempresarial.com\/index.php?rest_route=%2Fwp%2Fv2%2Fproduct_tag&post=1520"}],"curies":[{"name":"wp","href":"https:\/\/api.w.org\/{rel}","templated":true}]}}