{"id":1634,"date":"2015-04-05T00:30:40","date_gmt":"2015-04-05T05:30:40","guid":{"rendered":"https:\/\/papeleriaempresarial.com?product=impresion-de-tarjetas-de-presentacion-brillantes-economicas"},"modified":"2025-05-03T14:56:55","modified_gmt":"2025-05-03T19:56:55","slug":"impresion-de-tarjetas-de-presentacion-brillantes-economicas","status":"publish","type":"product","link":"https:\/\/papeleriaempresarial.com\/?product=impresion-de-tarjetas-de-presentacion-brillantes-economicas","title":{"rendered":"1000 Tarjetas de Presentacion Brillantes"},"content":{"rendered":"<div>\n<p>Las\u00a0<strong>tarjetas de visita online<\/strong>\u00a0se pueden realizar en una gran variedad de tama\u00f1os, formas y materiales, pero la\u00a0<strong>medida de tarjetas<\/strong>\u00a0m\u00e1s com\u00fan es el tama\u00f1o 90&#215;52\u00a0mm. en un papel de entre 300 y 350\u00a0gr. de espesor.<\/p>\n<p>Entre esta gran variedad de materiales, esta el papel o cart\u00f3n en sus diferentes, espesores y acabados como el plastificado, barnizado o verjurado. Tambi\u00e9n se utiliza el pl\u00e1stico o Pvc r\u00edgido o el polipropileno translucido para crear un efecto distinto e impactante.<\/p>\n<p>Tambi\u00e9n se puede innovar al imprimir\u00a0<strong>tarjetas de visita personalizadas<\/strong>\u00a0en cuanto a lo que el tama\u00f1o y forma se refiere, haci\u00e9ndolas con formas cuadradas, ovaladas redondas, o simplemente troquel\u00e1ndolas con la forma del logotipo de la empresa.<br \/>\nOtros detalles en custion de acabados son los barnizados, laminados, troqueles de relieve, laminas plateadas o doradas insertadas en caliente, asi como los barnices selectivos que destacan de forma brillante zonas concretas del dise\u00f1o de las tarjetas.<\/p>\n<p>Respecto a la\u00a0<strong>historia de las tarjetas de visita<\/strong>, se dice que su aparici\u00f3n fue en china sobre el Siglo XV y dos siglos despu\u00e9s se implantaron en Europa. En el pasado era un producto exclusivo de la aristocracia y la clase alta aunque durante el siglo 20 se convirti\u00f3 en un elemento b\u00e1sico en cualquier negocio o empresa, convirti\u00e9ndose en algo imprescindible para cualquier persona que pretenda iniciarse en el mundo empresarial e introduciendose tambien en la vida domestica.<\/p>\n<p><strong>\u00bfQue Datos deben contener unas tarjetas personales de visita?<\/strong><\/p>\n<p>Hay una serie de datos que son imprescindibles para completar la informaci\u00f3n que deben ofrecer las tarjetas personales o de empresa. \u00a0El m\u00e1s importante como es l\u00f3gico son el nombre y los apellidos. \u00a0Fundamental es tambien ofrecer las m\u00e1ximas opciones en cuanto a contacto, siendo el principal\u00a0el tel\u00e9fono personal o del tel\u00e9fono de la empresa, el correo el\u00e9ctronico o email, e incluso contactos de skype o en redes sociales.<\/p>\n<p>Otros datos importantes aunque no imprescindibles para una tarjeta de visita son la direcci\u00f3n, la p\u00e1gina web, los perfiles sociales, etc.<\/p>\n<p>Para las\u00a0<strong>tarjetas de negocio<\/strong>, en donde el objetivo no es localizar a una persona en concreto, si no una empresa , se suelen introducir planos, logotipos e incluso codigos bidi o QR que poder escanear y que nos envien a una web o que directamente nos guarden el contacto en la agenda del tel\u00e9fono.<\/p>\n<p>En las tarjetas de empresa cuando la presentaci\u00f3n se hace de cualquiera de los miembros de la organizaci\u00f3n, se suele colocar su cargo o posicion dentro de la empresa. \u00a0Tambien se suelen ofrecer tel\u00e9fonos moviles y de empresa.<\/p>\n<p>En otros idiomas los nombres son los siguientes:<\/p>\n<\/div>\n<p><em>Catalan:\u00a0<\/em>targetes de visita<\/p>\n<p><em>English:\u00a0<\/em>business cards<\/p>\n<p><em>Estonian:\u00a0<\/em>visiitkaardid<\/p>\n<p><em>Haitian Creole:\u00a0<\/em>kat biznis<\/p>\n<p><em>Malay:\u00a0<\/em>Kad Perniagaan<\/p>\n<p><em>Norwegian:\u00a0<\/em>visittkort<\/p>\n<p><em>Slovak:\u00a0<\/em>vizitky<\/p>\n<p><em>Slovenian:\u00a0<\/em>vizitke<\/p>\n<p><em>Turkish:\u00a0<\/em>Kartvizit<\/p>\n<p><em>Frances: Carte de visite<\/em><\/p>\n","protected":false},"excerpt":{"rendered":"<p><span style=\"color: #c52424;\"><strong>1000 Tarjetas de Presentacion<\/strong><\/span><\/p>\n<p>Excelentes Tarjetas de Presentaci\u00f3n en Acabado Brillantes.<\/p>\n<p>Especificaciones:<\/p>\n<p>Papel Propalcote de 300 gramos<br \/>\n<strong>Pl\u00e1stificado Brillante por 1 Cara<\/strong><br \/>\nFull Color ambas Caras<br \/>\nTama\u00f1o 9\u00d75.5 Cm<br \/>\nTiempo de producci\u00f3n 2 d\u00edas habiles<\/p>\n<p>Servicio de Entrega a Domicilio<\/p>\n","protected":false},"featured_media":1705,"comment_status":"open","ping_status":"closed","template":"","meta":{"_et_pb_use_builder":"","_et_pb_old_content":"","_et_gb_content_width":"","inline_featured_image":false,"_monsterinsights_skip_tracking":false,"_monsterinsights_sitenote_active":false,"_monsterinsights_sitenote_note":"","_monsterinsights_sitenote_category":0,"_joinchat":[]},"product_brand":[],"product_cat":[387,388,384,382,386,373,379,376,372,371,374,377,380,389,375,383,385,378,381,390],"product_tag":[399,393,395,392,394,401,402,397,404,405,400,403,391,406,398,407,396],"class_list":{"0":"post-1634","1":"product","2":"type-product","3":"status-publish","4":"has-post-thumbnail","6":"product_cat-afiches-publicitarios","7":"product_cat-blocks-de-notas","8":"product_cat-carpetas-empresariales","9":"product_cat-facturas","10":"product_cat-hojas-de-membrete","11":"product_cat-impresion-de-papeleria","12":"product_cat-impresion-ecologica","13":"product_cat-impresion-especial","14":"product_cat-impresiones","15":"product_cat-inicio","16":"product_cat-paginas-web","17":"product_cat-papeleria-impresa","18":"product_cat-plegables","19":"product_cat-revistas","20":"product_cat-servicio-de-diseno","21":"product_cat-sobres-empresariales","22":"product_cat-talonarios-para-rifas","23":"product_cat-talonarios-y-blocs","24":"product_cat-tarjetas-de-presentacion-papeleria-impresa","25":"product_cat-volantes-flyers","26":"product_tag-donde-mandar-hacer-tarjetas-de-p","27":"product_tag-impresion-de-tarjetas-a-domicili","28":"product_tag-impresion-de-tarjetas-de-present","29":"product_tag-impresion-de-tarjetas-de-visita","30":"product_tag-impresion-de-tarjetas-economicas","31":"product_tag-impresion-de-tarjeteas-de-presen","32":"product_tag-impresion-tarjetas-bogota","33":"product_tag-impresion-tarjetas-visita","34":"product_tag-impresiones-bogota","35":"product_tag-impresiones-en-bogota","36":"product_tag-imrpesion-tarjetas-bogota","37":"product_tag-ricaurte-tarjetas","38":"product_tag-tarjetas-de-presentacion","39":"product_tag-tarjetas-de-presentacion-a-domic","40":"product_tag-tarjetas-de-presentacion-bogota","41":"product_tag-tarjetas-de-presentacion-brillan","42":"product_tag-tarjetas-de-presentacion-mate","44":"first","45":"instock","46":"taxable","47":"shipping-taxable","48":"purchasable","49":"product-type-simple"},"aioseo_notices":[],"_links":{"self":[{"href":"https:\/\/papeleriaempresarial.com\/index.php?rest_route=\/wp\/v2\/product\/1634","targetHints":{"allow":["GET"]}}],"collection":[{"href":"https:\/\/papeleriaempresarial.com\/index.php?rest_route=\/wp\/v2\/product"}],"about":[{"href":"https:\/\/papeleriaempresarial.com\/index.php?rest_route=\/wp\/v2\/types\/product"}],"replies":[{"embeddable":true,"href":"https:\/\/papeleriaempresarial.com\/index.php?rest_route=%2Fwp%2Fv2%2Fcomments&post=1634"}],"wp:featuredmedia":[{"embeddable":true,"href":"https:\/\/papeleriaempresarial.com\/index.php?rest_route=\/wp\/v2\/media\/1705"}],"wp:attachment":[{"href":"https:\/\/papeleriaempresarial.com\/index.php?rest_route=%2Fwp%2Fv2%2Fmedia&parent=1634"}],"wp:term":[{"taxonomy":"product_brand","embeddable":true,"href":"https:\/\/papeleriaempresarial.com\/index.php?rest_route=%2Fwp%2Fv2%2Fproduct_brand&post=1634"},{"taxonomy":"product_cat","embeddable":true,"href":"https:\/\/papeleriaempresarial.com\/index.php?rest_route=%2Fwp%2Fv2%2Fproduct_cat&post=1634"},{"taxonomy":"product_tag","embeddable":true,"href":"https:\/\/papeleriaempresarial.com\/index.php?rest_route=%2Fwp%2Fv2%2Fproduct_tag&post=1634"}],"curies":[{"name":"wp","href":"https:\/\/api.w.org\/{rel}","templated":true}]}}