{"id":1646,"date":"2015-04-05T00:30:40","date_gmt":"2015-04-05T05:30:40","guid":{"rendered":"https:\/\/papeleriaempresarial.com?product=impresion-de-volantes-publicitarios"},"modified":"2025-06-06T18:51:08","modified_gmt":"2025-06-06T23:51:08","slug":"impresion-de-volantes-publicitarios","status":"publish","type":"product","link":"https:\/\/papeleriaempresarial.com\/?product=impresion-de-volantes-publicitarios","title":{"rendered":"1000 Volantes Media Carta 4&#215;0 Tintas"},"content":{"rendered":"<p style=\"text-align: justify;\">En esencia un\u00a0<strong>flyer o volante publicitario<\/strong>\u00a0es un elemento gr\u00e1fico impreso que tiene como objetivo principal, la promoci\u00f3n de productos, servicios as\u00ed como la divulgaci\u00f3n de actos o eventos.<\/p>\n<div class=\"contenido2\">\n<div class=\"explicacion\">\n<p style=\"text-align: justify;\">La forma de los\u00a0<strong>folletos publicitarios o volantes,<\/strong>\u00a0puede ser muy variada, siendo la cuartilla u\u00a0<strong>octavilla<\/strong>\u00a0la forma mas usada. Tambi\u00e9n se pueden realizar con formas especiales, como c\u00edrculos o cuadrados, doblar con m\u00faltiples pliegues o incluso encuadernar con grapas.<\/p>\n<p style=\"text-align: justify;\">Los flyers se pueden difundir de muchas formas, desde Expositores en los propios puntos de venta, hasta envi\u00f3 por correo o buzoneo, as\u00ed como en la entrega en mano en la propia calle.<\/p>\n<p style=\"text-align: justify;\">Los folletos o Volantes publicitarios se pueden <strong>imprimir<\/strong>\u00a0en diferentes gramajes y grosores de papel, siendo los papeles finos, los mas usados para buzoneo o entrega en mano en la propia calle, y los mayores grosores utilizados para la entrega en exposiciones o ferias.<\/p>\n<p style=\"text-align: justify;\">Los flyers reciben diferentes nombres dependiendo de zonas o pa\u00edses.\u00a0<strong>Volantes<\/strong>\u00a0es el nombre mas utilizado en los pa\u00edses latinoamericanos. Desde hace unos a\u00f1os tambi\u00e9n se utiliza el nombre de\u00a0<strong>Flyers<\/strong>\u00a0para los\u00a0<strong>Volantes publicitarios<\/strong>\u00a0utilizados en la difusi\u00f3n de\u00a0<strong>eventos<\/strong>\u00a0de ocio principalmente nocturno, por discotecas, vares de copas o festivales musicales. Los flyers suelen tener un mayor grosor y suelen contener dise\u00f1os coloridos y llamativos. Tambi\u00e9n se utiliza el termino \u201cpanfleto\u201d m\u00e1s utilizado para la propaganda de car\u00e1cter pol\u00edtico.<\/p>\n<p style=\"text-align: justify;\">En\u00a0<strong>Papeleria Empresarial Group<\/strong>\u00a0hemos realizado una clasificaci\u00f3n de\u00a0<strong>folletos publicitarios\u00a0<\/strong>dependiendo de sus gramajes, plegados y encuadernados.<\/p>\n<p style=\"text-align: justify;\"><strong>Folletos<\/strong>\u00a0para los utilizados para buzoneo o mostradores.<\/p>\n<p style=\"text-align: justify;\"><strong>Flyers promocionales<\/strong>\u00a0para los que no llevan dobles y son de un mayor grosor.<br \/>\n<strong>Tr\u00edpticos<\/strong>\u00a0para los doblados en 3 partes.<br \/>\n<strong>D\u00edpticos<\/strong>\u00a0para los doblados en 2 partes.<br \/>\n<strong>Cuadr\u00edpticos<\/strong>\u00a0para los plegados en 4 partes.<br \/>\nFolletos grapados o\u00a0<strong>revistas<\/strong>.<\/p>\n<p style=\"text-align: justify;\">Respecto al dise\u00f1o y montaje de la gr\u00e1fica a\u00a0<strong>imprimir en los flyers<\/strong>, se recomienda componer un dise\u00f1o atractivo y colorido, as\u00ed como bien ordenado, destacando las ideas principales mediante t\u00edtulos llamativos. El montaje tambi\u00e9n va a depender de la forma del folleto y de la cantidad de informaci\u00f3n que se desea transmitir. Cuanta mas informaci\u00f3n se recomienda aumentar el tama\u00f1o y las caras (tr\u00edpticos, cuadr\u00edpticos o folletos grapados para mucha informaci\u00f3n). Es importante tambi\u00e9n el indicar claramente los lugares o fechas del evento en el caso de que as\u00ed fuera, o la direcci\u00f3n o datos donde se puede acceder a la compra del producto.<\/p>\n<p style=\"text-align: justify;\">Ser originales tanto en la forma como en el dise\u00f1o, va a permitir captar de mejor forma la atenci\u00f3n del receptor, y en resumen, mejorar el impacto final de la\u00a0<strong>campa\u00f1a promocional\u00a0<\/strong>para la que se realizaron los flyers.<\/p>\n<p style=\"text-align: justify;\">Respecto a la\u00a0impresi\u00f3n de\u00a0<strong>flyers baratos<\/strong>\u00a0online, estos se pueden realizar de diferentes formas, dependiendo de la cantidad y tintas a utilizar. Para tiradas cortas, se suele utilizar impresi\u00f3n digital, por el ahorro en la puesta en marcha de maquina, aunque una vez sube esta cantidad (mas de 1000 ejemplares) se suele utilizar impresi\u00f3n offset, ya que el precio unitario baja considerablemente en este tipo de\u00a0<strong>impresi\u00f3n<\/strong>. Imprimir folletos online nunca fue tan f\u00e1cil.<\/p>\n<\/div>\n<\/div>\n","protected":false},"excerpt":{"rendered":"<p><strong>Flyers<\/strong>\u00a0publicitarios con una calidad\/precio excepcional especiales tanto para buzoneo como para entregar en mano o depositar en expositores-dispensadores. Tambi\u00e9n conocidos como panfletos, volantes, octavillas, etc.<\/p>\n<p><strong>Caracter\u00edsticas:<\/strong><\/p>\n<p><b>Volante Publicitario Impreso en Propalcote de 115 Gramos<br \/>\n4&#215;0 Tinta,<br \/>\nUna Sola Cara,<br \/>\nTama\u00f1o 13.5&#215;20.5 cms (Media Carta usada por Nuestra Empresa)<br \/>\nEntrega a Domicilio Gratuita.<\/b><\/p>\n<p>&nbsp;<\/p>\n","protected":false},"featured_media":3321,"comment_status":"open","ping_status":"closed","template":"","meta":{"_et_pb_use_builder":"","_et_pb_old_content":"","_et_gb_content_width":"","inline_featured_image":false,"_monsterinsights_skip_tracking":false,"_monsterinsights_sitenote_active":false,"_monsterinsights_sitenote_note":"","_monsterinsights_sitenote_category":0,"_joinchat":[]},"product_brand":[],"product_cat":[372,371,377,390],"product_tag":[410,411,415,416,413,414,412],"class_list":{"0":"post-1646","1":"product","2":"type-product","3":"status-publish","4":"has-post-thumbnail","6":"product_cat-impresiones","7":"product_cat-inicio","8":"product_cat-papeleria-impresa","9":"product_cat-volantes-flyers","10":"product_tag-impresion-de-flyers","11":"product_tag-impresion-de-volantes","12":"product_tag-impresion-de-volantes-bogota","13":"product_tag-impresion-de-volantes-cartagena","14":"product_tag-impresion-de-volantes-full-color","15":"product_tag-impresion-de-volantes-por-ambas","16":"product_tag-volantes-publicitarios","18":"first","19":"instock","20":"taxable","21":"shipping-taxable","22":"purchasable","23":"product-type-simple"},"aioseo_notices":[],"_links":{"self":[{"href":"https:\/\/papeleriaempresarial.com\/index.php?rest_route=\/wp\/v2\/product\/1646","targetHints":{"allow":["GET"]}}],"collection":[{"href":"https:\/\/papeleriaempresarial.com\/index.php?rest_route=\/wp\/v2\/product"}],"about":[{"href":"https:\/\/papeleriaempresarial.com\/index.php?rest_route=\/wp\/v2\/types\/product"}],"replies":[{"embeddable":true,"href":"https:\/\/papeleriaempresarial.com\/index.php?rest_route=%2Fwp%2Fv2%2Fcomments&post=1646"}],"wp:featuredmedia":[{"embeddable":true,"href":"https:\/\/papeleriaempresarial.com\/index.php?rest_route=\/wp\/v2\/media\/3321"}],"wp:attachment":[{"href":"https:\/\/papeleriaempresarial.com\/index.php?rest_route=%2Fwp%2Fv2%2Fmedia&parent=1646"}],"wp:term":[{"taxonomy":"product_brand","embeddable":true,"href":"https:\/\/papeleriaempresarial.com\/index.php?rest_route=%2Fwp%2Fv2%2Fproduct_brand&post=1646"},{"taxonomy":"product_cat","embeddable":true,"href":"https:\/\/papeleriaempresarial.com\/index.php?rest_route=%2Fwp%2Fv2%2Fproduct_cat&post=1646"},{"taxonomy":"product_tag","embeddable":true,"href":"https:\/\/papeleriaempresarial.com\/index.php?rest_route=%2Fwp%2Fv2%2Fproduct_tag&post=1646"}],"curies":[{"name":"wp","href":"https:\/\/api.w.org\/{rel}","templated":true}]}}