{"id":1652,"date":"2015-04-05T00:30:40","date_gmt":"2015-04-05T05:30:40","guid":{"rendered":"https:\/\/papeleriaempresarial.com?product=impresion-de-hojas-membreteadas"},"modified":"2025-06-06T04:33:23","modified_gmt":"2025-06-06T09:33:23","slug":"impresion-de-hojas-membreteadas","status":"publish","type":"product","link":"https:\/\/papeleriaempresarial.com\/?product=impresion-de-hojas-membreteadas","title":{"rendered":"500 Membretes 1 tinta Tama\u00f1o Carta"},"content":{"rendered":"<h2><span style=\"color: #2445a2;\"><strong>Que es el papel Membrete?<\/strong><\/span><\/h2>\n<p style=\"text-align: justify;\">En esencia el\u00a0<strong>papel para cartas\u00a0<\/strong>es un folio cl\u00e1sico impreso por 1 cara. Se suele imprimir en la parte superior con el logotipo de la empresa u organizaci\u00f3n (<strong>membrete<\/strong>), y en la parte inferior con los datos como direcci\u00f3n, datos fiscales, etc. Tambien es posible su utilizaci\u00f3n como elemento publicitario imprimiendolo de forma completa con la publicidad correspondiente. En la empresa se suele utilizar para envio de documentos administrativos como facturas o albaranes, y tambien para el envio de informaci\u00f3n a clientes o proveedores. Tambi\u00e9n para la confecci\u00f3n de prespuestos. El\u00a0<strong>papel para cartas<\/strong>\u00a0es un elemento imprescindible de la papeler\u00eda coorporativa de la empresa.<\/p>\n<p style=\"text-align: justify;\">La diferencia entre ambos es que en el sobre sin ventana hay que escribir la direcci\u00f3n del destinatario en el sobre (o pegarla con adhesivo) mientras que en los sobres con ventana podemos ver la direcci\u00f3n escrita en la propia carta.<\/p>\n","protected":false},"excerpt":{"rendered":"<p><strong>Papel para cartas con membrete<\/strong><\/p>\n<p><strong>Papel para cartas<\/strong>\u00a0con una calidad\/precio excepcional especiales tanto para envios de informacion como para imprimir facturas, cotizaciones, y cualquier tipo de documento corporativo. Especiales para integrar membrete con logotipo e imagen corporativa de su negocio o empresa.<\/p>\n<p><strong>Caracter\u00edsticas:<\/strong><\/p>\n<p>Impresi\u00f3n\u00a0<strong>todo color o 1 tinta<\/strong> 1 cara, en Papel bond de 75 gramos de Impresora<br \/>\nLitograf\u00eda Garantizada en Impresi\u00f3n de Membretes Empresariales.<\/p>\n<p>Opcional Impresion en Papel Reciclado, por $8.000 Adicionales.<\/p>\n","protected":false},"featured_media":1729,"comment_status":"open","ping_status":"closed","template":"","meta":{"_et_pb_use_builder":"","_et_pb_old_content":"","_et_gb_content_width":"","inline_featured_image":false,"_monsterinsights_skip_tracking":false,"_monsterinsights_sitenote_active":false,"_monsterinsights_sitenote_note":"","_monsterinsights_sitenote_category":0,"_joinchat":[]},"product_brand":[],"product_cat":[386,372,371,378],"product_tag":[421,418,417,419,420],"class_list":{"0":"post-1652","1":"product","2":"type-product","3":"status-publish","4":"has-post-thumbnail","6":"product_cat-hojas-de-membrete","7":"product_cat-impresiones","8":"product_cat-inicio","9":"product_cat-talonarios-y-blocs","10":"product_tag-hojas-membreteadas","11":"product_tag-impresion-de-hojas-membretes","12":"product_tag-impresion-de-membretes","13":"product_tag-impresion-membreteado","14":"product_tag-papel-membreteado","16":"first","17":"instock","18":"taxable","19":"shipping-taxable","20":"purchasable","21":"product-type-simple"},"aioseo_notices":[],"_links":{"self":[{"href":"https:\/\/papeleriaempresarial.com\/index.php?rest_route=\/wp\/v2\/product\/1652","targetHints":{"allow":["GET"]}}],"collection":[{"href":"https:\/\/papeleriaempresarial.com\/index.php?rest_route=\/wp\/v2\/product"}],"about":[{"href":"https:\/\/papeleriaempresarial.com\/index.php?rest_route=\/wp\/v2\/types\/product"}],"replies":[{"embeddable":true,"href":"https:\/\/papeleriaempresarial.com\/index.php?rest_route=%2Fwp%2Fv2%2Fcomments&post=1652"}],"wp:featuredmedia":[{"embeddable":true,"href":"https:\/\/papeleriaempresarial.com\/index.php?rest_route=\/wp\/v2\/media\/1729"}],"wp:attachment":[{"href":"https:\/\/papeleriaempresarial.com\/index.php?rest_route=%2Fwp%2Fv2%2Fmedia&parent=1652"}],"wp:term":[{"taxonomy":"product_brand","embeddable":true,"href":"https:\/\/papeleriaempresarial.com\/index.php?rest_route=%2Fwp%2Fv2%2Fproduct_brand&post=1652"},{"taxonomy":"product_cat","embeddable":true,"href":"https:\/\/papeleriaempresarial.com\/index.php?rest_route=%2Fwp%2Fv2%2Fproduct_cat&post=1652"},{"taxonomy":"product_tag","embeddable":true,"href":"https:\/\/papeleriaempresarial.com\/index.php?rest_route=%2Fwp%2Fv2%2Fproduct_tag&post=1652"}],"curies":[{"name":"wp","href":"https:\/\/api.w.org\/{rel}","templated":true}]}}