{"id":1665,"date":"2015-04-05T00:30:40","date_gmt":"2015-04-05T05:30:40","guid":{"rendered":"https:\/\/papeleriaempresarial.com?product=impresion-de-carpetas-de-presentacion-plastificado-mate-y-uv"},"modified":"2024-11-11T08:23:29","modified_gmt":"2024-11-11T13:23:29","slug":"impresion-de-carpetas-de-presentacion-plastificado-mate-y-uv","status":"publish","type":"product","link":"https:\/\/papeleriaempresarial.com\/?product=impresion-de-carpetas-de-presentacion-plastificado-mate-y-uv","title":{"rendered":"500 Carpetas Mate y Brillo Uv 4&#215;4"},"content":{"rendered":"<p>Las\u00a0<strong>Carpetas corporativas con solapas\u00a0<\/strong>son cartulinas impresas a una o dos caras a color en gramaje de 300 gr. y tama\u00f1o algo mayor que un Tama\u00f1o Carta convencional 21.5&#215;27.9 cms que incluye solapas para doblar e introducir hojas informativas. Incluyen ademas corte en la solapa para incluir tarjetas de visita. Especiales para incluir todo tipo de informaci\u00f3n con tama\u00f1o maximo de Carta de 22&#215;28 cms cm. Utilizadas en negocios como academias, autoescuelas, ense\u00f1anza, promotoras de obras, inmobiliarias, despachos de abogados, y cualquier negocio que precise proporcionar a sus clientes o trabajadores documentos de una forma ordenada y proporcionando una gran imagen de empresa. Especiales para presentar presupuestos a sus clientes. No espere m\u00e1s para imprimir sus <strong>carpetas corporativas\u00a0baratas<\/strong>\u00a0o subcarpetas. Tambien disponemos de\u00a0carpetas con anillas\u00a0personalizadas o archivadores de la mejora calidad.<\/p>\n<p>\u00bfNecesitas organizar tus documentos? En <b>Papeleria Epresarial <\/b>podr\u00e1s imprimir tus propias\u00a0<b>carpetas de presentaci\u00f3n con solapa<\/b>\u00a0para poder poner un poco de orden en tu oficina. Son ideales para la entrega de documentos oficiales a clientes y contactos, como albaranes, facturas, informes, contratos o proyectos. Pero esto es solo una idea; puedes hacer lo que quieras con ellas. Crea una imagen de profesionalidad y elegancia con tu propio dise\u00f1o, que te permitir\u00e1 imprimir unas carpetas corporativas acordes a tus colores. Porque lo importante a veces no est\u00e1 en el interior (o no solo).<\/p>\n<h3><strong>PREGUNTAS FRECUENTES<\/strong><\/h3>\n<p><strong><i>1. \u00bfC\u00f3mo s\u00e9 si necesito la carpeta con una altura de llenado de 1mm o de 5mm?<\/i><\/strong><\/p>\n<p>Seg\u00fan la cantidad de documentos que vayas a incluir en la\u00a0<strong>carpeta<\/strong>, puede elegir entre los dos modelos. Para m\u00e1s de 25 hojas, le recomendamos la impresi\u00f3n del modelo con mayor altura de llenado.<\/p>\n<p><strong><i>2. \u00bfLas carpetas son de colores?<\/i><\/strong><\/p>\n<p>Las carpetas que empleamos vienen con la base blanca, como cualquier otro producto de la web. Si desea un color de fondo, puede agregarlo al crear su dise\u00f1o.<\/p>\n<p><strong><i>3. \u00bfY si necesito que lleven una solapa extra en la parte superior?<\/i><\/strong><\/p>\n<p>Disponemos de otros modelos de carpetas con solapa, con diferentes solapas y formas. Ind\u00edquenos lo que necesita y buscaremos un troquel que se ajuste a sus requerimientos.<\/p>\n<p>Tambi\u00e9n podemos hacer troqueles a medida. Para ello, deber\u00e1 enviarnos una muestra de su archivo en formato digital y nosotros le haremos llegar cuanto antes un presupuesto personalizado. La fabricaci\u00f3n personalizada del troquel presenta un coste extra, por lo que no se lo recomendamos en tiradas menores de 2.500 unidades, ya que el rendimiento de la inversi\u00f3n resulta limitado en pedidos peque\u00f1os.<\/p>\n<p><strong><i>4. \u00bfC\u00f3mo tengo que enviar los archivos?<\/i><\/strong><\/p>\n<p>Si maneja alg\u00fan programa de dise\u00f1o gr\u00e1fico (Photoshop, Illustrator, corel Draw \u2026), puede descargar la plantilla que le ofrecemos en esta p\u00e1gina y abrirla para editarla por capas. Una vez tenga el dise\u00f1o hecho, deber\u00e1 guardarlo en formato JPG o PDF y podr\u00e1 cargarlo en el \u00faltimo paso del proceso de compra.<\/p>\n<p><strong><i>5. \u00bfLos archivos se pueden dise\u00f1ar en la herramienta?<\/i><\/strong><\/p>\n<p>Lo sentimos, pero no es posible. La herramienta de dise\u00f1o de la web no permite editar las plantillas de carpetas, cajas ni expositores.<\/p>\n<p><strong><i>6. Si no dispongo de un programa de dise\u00f1o, \u00bfc\u00f3mo puedo hacerlo?<\/i><\/strong><\/p>\n<p>Si no dispone de un programa para montar la plantilla, le podemos ayudar nosotros. El servicio de dise\u00f1o lleva un coste a\u00f1adido, pero el resultado ser\u00e1 totalmente el que usted desee. Consulte nuestros precios y opciones.<\/p>\n","protected":false},"excerpt":{"rendered":"<p><strong>500 Carpetas personalizadas, carpetas corporativas, carpetas de presentaci\u00f3n.<\/strong><\/p>\n<p><strong>Caracter\u00edsticas:<\/p>\n<p><\/strong><\/p>\n<p>500 Carpetas de Presentaci\u00f3n<br \/>\nImpresion Litografica 4&#215;4 Tintas <span style=\"color: #000000;\"><strong>(Full Color 2 Caras Mate UV 2 Caras)<br \/>\n<\/strong><\/span>Papel Esmaltado Brillante Propalcote de 300 gramos<br \/>\n<strong>Tama\u00f1o Carta 22.5 cms x 29 cms<br \/>\n<\/strong>5 Centimetros de Bolsillo<br \/>\nPlastificado Mate, Con Brillo Uv las 2 Caras<br \/>\nTiempo de entrega 6 d\u00edas<\/p>\n<p>Servicio de entrega a domicilio en La Ciudad de Bogot\u00e1, o Correo certificado en Colombia<\/p>\n","protected":false},"featured_media":1819,"comment_status":"open","ping_status":"closed","template":"","meta":{"_et_pb_use_builder":"","_et_pb_old_content":"","_et_gb_content_width":"","inline_featured_image":false,"_monsterinsights_skip_tracking":false,"_monsterinsights_sitenote_active":false,"_monsterinsights_sitenote_note":"","_monsterinsights_sitenote_category":0,"_joinchat":[]},"product_brand":[],"product_cat":[384,372,371],"product_tag":[423,427,430,431,429,428],"class_list":{"0":"post-1665","1":"product","2":"type-product","3":"status-publish","4":"has-post-thumbnail","6":"product_cat-carpetas-empresariales","7":"product_cat-impresiones","8":"product_cat-inicio","9":"product_tag-impresion-de-carpetas-de-present","10":"product_tag-impresion-de-carpetas-mate","11":"product_tag-impresion-de-carpetas-mate-con-u","12":"product_tag-impresion-de-carpetas-mate-y-uv","13":"product_tag-impresion-de-carpetas-para-congr","14":"product_tag-impresion-de-carpetas-publicitar","16":"first","17":"instock","18":"taxable","19":"shipping-taxable","20":"purchasable","21":"product-type-simple"},"aioseo_notices":[],"_links":{"self":[{"href":"https:\/\/papeleriaempresarial.com\/index.php?rest_route=\/wp\/v2\/product\/1665","targetHints":{"allow":["GET"]}}],"collection":[{"href":"https:\/\/papeleriaempresarial.com\/index.php?rest_route=\/wp\/v2\/product"}],"about":[{"href":"https:\/\/papeleriaempresarial.com\/index.php?rest_route=\/wp\/v2\/types\/product"}],"replies":[{"embeddable":true,"href":"https:\/\/papeleriaempresarial.com\/index.php?rest_route=%2Fwp%2Fv2%2Fcomments&post=1665"}],"wp:featuredmedia":[{"embeddable":true,"href":"https:\/\/papeleriaempresarial.com\/index.php?rest_route=\/wp\/v2\/media\/1819"}],"wp:attachment":[{"href":"https:\/\/papeleriaempresarial.com\/index.php?rest_route=%2Fwp%2Fv2%2Fmedia&parent=1665"}],"wp:term":[{"taxonomy":"product_brand","embeddable":true,"href":"https:\/\/papeleriaempresarial.com\/index.php?rest_route=%2Fwp%2Fv2%2Fproduct_brand&post=1665"},{"taxonomy":"product_cat","embeddable":true,"href":"https:\/\/papeleriaempresarial.com\/index.php?rest_route=%2Fwp%2Fv2%2Fproduct_cat&post=1665"},{"taxonomy":"product_tag","embeddable":true,"href":"https:\/\/papeleriaempresarial.com\/index.php?rest_route=%2Fwp%2Fv2%2Fproduct_tag&post=1665"}],"curies":[{"name":"wp","href":"https:\/\/api.w.org\/{rel}","templated":true}]}}