{"id":1673,"date":"2015-04-08T00:13:29","date_gmt":"2015-04-08T05:13:29","guid":{"rendered":"https:\/\/papeleriaempresarial.com?product=afiches-tamano-45x30-tabloide"},"modified":"2025-06-06T14:56:06","modified_gmt":"2025-06-06T19:56:06","slug":"afiches-tamano-45x30-tabloide","status":"publish","type":"product","link":"https:\/\/papeleriaempresarial.com\/?product=afiches-tamano-45x30-tabloide","title":{"rendered":"1000 Afiches Tama\u00f1o 45&#215;30 (Tabloide)"},"content":{"rendered":"<p><strong>Impresi\u00f3n de Afiches\u00a0Publicitarios<\/strong><\/p>\n<p class=\"p2\">\u00a0Si quieres llamar la atenci\u00f3n sobre tu empresa, evento, fiesta, promoci\u00f3n, concierto o cualquier otro acto, no te la juegues dejando su promoci\u00f3n en cualquier mano. Conf\u00eda en nuestro servicio de\u00a0<strong>impresi\u00f3n<\/strong>\u00a0de\u00a0<strong>Afiches publicitarios<\/strong>\u00a0y posters para obtener un resultado de gran calidad y a un precio inmejorable, y todo ello con la comodidad que supone hacer el pedido directamente desde tu casa u oficina.<\/p>\n<p class=\"p1\">En <b>Papeleria Empresarial <\/b>disponemos de una gran variedad de tipos y tama\u00f1os de\u00a0<strong>Afiches<\/strong>, para que encuentres el que mejor se adapte a tus necesidades. Desde los tama\u00f1os m\u00e1s peque\u00f1os como el\u00a0Carta, ideales para colocar en la pared o en escaparates a pie de calle, como grandes formatos que pueden verse a decenas de metros de distancia, como el\u00a0<strong>PLIEGO<\/strong><\/p>\n<p class=\"p1\">Podr\u00e1s personalizar tu\u00a0<strong>cartel publicitario<\/strong>\u00a0con las im\u00e1genes, el logo y el texto que quieras incluir y hacer el pedido de forma r\u00e1pida y sencilla, con tan solo unos clicks. No importa si solo necesitas unos cuantos ejemplares o cientos de ellos.<\/p>\n<p class=\"p1\">Gracias al cuidado que ponemos en cada una de las fases del proceso de\u00a0<strong>impresi\u00f3n<\/strong>\u00a0y a la calidad de nuestro papel y nuestras tintas, tus im\u00e1genes promocionales parecer\u00e1n cobrar vida, marcando una gran diferencia con respecto al resultado que obtendr\u00edas en otras\u00a0<strong>imprentas del mercado<\/strong>.<\/p>\n<p class=\"p1\"><em><strong>Caracter\u00edsticas:<\/strong><\/em><\/p>\n<p>\u2022<strong>Impresi\u00f3n<\/strong>\u00a0todo color a una cara<br \/>\n\u2022Papel propalcote\u00a0de 115\u00a0gramos\u00a0hasta 300\u00a0 gramos \/ Bond de 75 grs<br \/>\n\u2022Acabado de gran calidad<\/p>\n<p><strong>\u00bfPor qu\u00e9 apostar por un cartel publicitario?<\/strong><\/p>\n<p class=\"p1\">A pesar de los cambios experimentados en el mundo de la\u00a0<strong>publicidad y el marketing<\/strong>\u00a0en los \u00faltimos a\u00f1os, los\u00a0<strong>carteles publicitarios<\/strong>\u00a0siguen siendo a d\u00eda de hoy una de las mejores opciones para dar a conocer pr\u00e1cticamente cualquier tipo de evento. Un dise\u00f1o elegante y llamativo har\u00e1 que tu cartel atraiga todas las miradas, al tiempo que aportar\u00e1 los datos b\u00e1sicos que tu p\u00fablico necesita saber. Todo para que tu propuesta triunfe.<\/p>\n<p class=\"p1\">A diferencia de otros medios, los\u00a0<strong>Afiches<\/strong>\u00a0son tambi\u00e9n muy\u00a0<strong>baratos<\/strong>\u00a0de producir, especialmente si eliges para ello a <strong>Papeleria Empresarial<\/strong>, donde podr\u00e1s ahorrar hasta un 50% del precio que te gastar\u00edas en una\u00a0<strong>imprenta<\/strong>\u00a0tradicional.<\/p>\n<p class=\"p1\">No es casualidad que desde que su uso comenz\u00f3 a hacerse popular, all\u00e1 por la Primera Guerra Mundial, la\u00a0<strong>impresi\u00f3n<\/strong>\u00a0se haya mantenido en un lugar predominante entre los sistemas de comunicaci\u00f3n preferidos en todo el mundo para dar a conocer cualquier acontecimiento.<\/p>\n","protected":false},"excerpt":{"rendered":"<p>Impresi\u00f3n de Afiches Tama\u00f1o Tabloide 45&#215;30 cms<br \/>\nImpresi\u00f3n en papel Propalcote de 115 gramos esmaltado<br \/>\nFull Color 4&#215;0 Tintas, Impresi\u00f3n a una sola cara<br \/>\nTiempo de Entrega 3 d\u00edas h\u00e1biles<\/p>\n","protected":false},"featured_media":1670,"comment_status":"open","ping_status":"closed","template":"","meta":{"_et_pb_use_builder":"","_et_pb_old_content":"","_et_gb_content_width":"","inline_featured_image":false,"_monsterinsights_skip_tracking":false,"_monsterinsights_sitenote_active":false,"_monsterinsights_sitenote_note":"","_monsterinsights_sitenote_category":0,"_joinchat":[]},"product_brand":[],"product_cat":[387,371],"product_tag":[],"class_list":{"0":"post-1673","1":"product","2":"type-product","3":"status-publish","4":"has-post-thumbnail","6":"product_cat-afiches-publicitarios","7":"product_cat-inicio","9":"first","10":"instock","11":"taxable","12":"shipping-taxable","13":"purchasable","14":"product-type-simple"},"aioseo_notices":[],"_links":{"self":[{"href":"https:\/\/papeleriaempresarial.com\/index.php?rest_route=\/wp\/v2\/product\/1673","targetHints":{"allow":["GET"]}}],"collection":[{"href":"https:\/\/papeleriaempresarial.com\/index.php?rest_route=\/wp\/v2\/product"}],"about":[{"href":"https:\/\/papeleriaempresarial.com\/index.php?rest_route=\/wp\/v2\/types\/product"}],"replies":[{"embeddable":true,"href":"https:\/\/papeleriaempresarial.com\/index.php?rest_route=%2Fwp%2Fv2%2Fcomments&post=1673"}],"wp:featuredmedia":[{"embeddable":true,"href":"https:\/\/papeleriaempresarial.com\/index.php?rest_route=\/wp\/v2\/media\/1670"}],"wp:attachment":[{"href":"https:\/\/papeleriaempresarial.com\/index.php?rest_route=%2Fwp%2Fv2%2Fmedia&parent=1673"}],"wp:term":[{"taxonomy":"product_brand","embeddable":true,"href":"https:\/\/papeleriaempresarial.com\/index.php?rest_route=%2Fwp%2Fv2%2Fproduct_brand&post=1673"},{"taxonomy":"product_cat","embeddable":true,"href":"https:\/\/papeleriaempresarial.com\/index.php?rest_route=%2Fwp%2Fv2%2Fproduct_cat&post=1673"},{"taxonomy":"product_tag","embeddable":true,"href":"https:\/\/papeleriaempresarial.com\/index.php?rest_route=%2Fwp%2Fv2%2Fproduct_tag&post=1673"}],"curies":[{"name":"wp","href":"https:\/\/api.w.org\/{rel}","templated":true}]}}