{"id":1684,"date":"2015-04-09T22:17:29","date_gmt":"2015-04-10T03:17:29","guid":{"rendered":"https:\/\/papeleriaempresarial.com?product=500-tarjetas-de-presentacion-mate-y-uv"},"modified":"2025-06-06T19:29:39","modified_gmt":"2025-06-07T00:29:39","slug":"500-tarjetas-de-presentacion-mate-y-uv","status":"publish","type":"product","link":"https:\/\/papeleriaempresarial.com\/?product=500-tarjetas-de-presentacion-mate-y-uv","title":{"rendered":"500 Tarjetas de Presentaci\u00f3n Mate y Uv"},"content":{"rendered":"<p><em>Las\u00a0<b>tarjetas de presentaci\u00f3n<\/b>\u00a0son un elemento fundamental en la comunicaci\u00f3n de cualquier empresa o negocio.\u00a0 Es el punto de partida para darse a conocer de cara a los clientes potenciales.\u00a0 En\u00a0<b>papeleriaempresarial.com<\/b> somos conscientes de la importancia de este elemento gr\u00e1fico, y por ello somos especialistas en la creaci\u00f3n, dise\u00f1o e impresi\u00f3n de tarjetas de visita economicas.<\/em><\/p>\n<p>Por nuestro gran volumen de pedidos, podemos agrupar todas las\u00a0<strong>tarjetas comerciales impresas<\/strong> desde cantidades peque\u00f1as, en pliegos para imprimir en litograf\u00eda. De esta manera podemos ofrecer la mejor calidad de impresi\u00f3n en todas las cantidades de nuestras tablas de precios.<\/p>\n<p>Respecto a los dise\u00f1os de\u00a0<strong>tarjetas de presentaci\u00f3n en colombia<\/strong>, pueden aportarlo\u00a0 el cliente o podemos dise\u00f1arlo nosotros desde nuestro estudio de dise\u00f1o.\u00a0 Tambi\u00e9n disponemos de <strong>plantillas personalizadas<\/strong>\u00a0para realizar los dise\u00f1os, modificando las im\u00e1genes y datos de las tarjetas.<\/p>\n<h4>Tu aliado en impresi\u00f3n.<\/h4>\n<p>Recuerda, somos tu mejor aliado para la impresi\u00f3n de todos los elementos gr\u00e1ficos de tu empresa. Realizamos todo tipo de impresos dedicados tanto a la promoci\u00f3n como a la propia gesti\u00f3n de la empresa. Estos pueden ser sobres, talonarios con papel quimico, o papel membreteado.<\/p>\n<p>Si tiene alguna duda sobre tarjetas, p\u00f3ngase en contacto con nosotros por cualquiera de los medios que ofrecemos. Te daremos las soluciones oportunas de forma r\u00e1pida y eficaz.<\/p>\n<p>El proceso de compra es muy sencillo,\u00a0 tan\u00a0<strong>solo tiene que seguir los pasos de la web.<\/strong>\u00a0Deber\u00e1 elegir el producto, sus caracter\u00edsticas y cantidades, as\u00ed como plazo de entrega, indicarnos los datos de entrega y el m\u00e9todo de pago, y confirmar su compra.<\/p>\n<p>Ahora solo tendr\u00e1 que enviar sus archivos, que revisaremos previamente a la impresi\u00f3n, para garantizar el mejor resultado final.<\/p>\n<p>En\u00a0<strong>pocos d\u00edas<\/strong>\u00a0le enviaremos las tarjetas perfectamente embaladas con las mejores agencias de transporte.<\/p>\n<p>No lo dude m\u00e1s y solicite\u00a0<b>la impresi\u00f3n de tarjetas de presentaci\u00f3n al mejor precio,<\/b> y con la mejor calidad del mercado en papeleriaempresarial.com<\/p>\n<p>Nuestras<strong> tarjetas de visita<\/strong>\u00a0son ideales para conseguir un impacto especial sobre el cliente. Seleccione uno de nuestros dise\u00f1os para personalizarlo con sus textos y logos. Elija la plantilla adecuada para crear una buena\u00a0<strong>impresi\u00f3n<\/strong>\u00a0en su contacto.<\/p>\n<p>Si lo prefiere tambi\u00e9n puede utilizar nuestro servicio de dise\u00f1o gr\u00e1fico, para que un profesional se haga cargo de ese trabajo.\u00a0 Seguro que los resultados ser\u00e1n ideales para su prop\u00f3sito.<\/p>\n<hr \/>\n<h3>CARACTER\u00cdSTICAS<\/h3>\n<p>Disponemos de la mayor\u00a0<strong>variedad<\/strong>\u00a0de opciones del mercado, pero sin descuidar los precios. Si por el contrario es la primera vez que vas a\u00a0<strong>imprimir tus tarjetas<\/strong> de presentaci\u00f3n, \u00a1no te preocupes! En nuestra web encontrar\u00e1s toda la informaci\u00f3n necesaria para encargar tus <strong>tarjetas<\/strong>\u00a0desde tu oficina o desde tu casa de manera f\u00e1cil y c\u00f3moda. Y es que los a\u00f1os que llevamos en el sector, nos han proporcionado la experiencia necesaria para ofrecer un producto de calidad mientras cuidamos hasta el m\u00e1s m\u00ednimo detalle.<\/p>\n<p>Como material b\u00e1sico utilizamos\u00a0<b>papel de 300 gr. propalcote, plastificado mate<\/b>, que es el que mejor funciona para este tipo de productos. Tambi\u00e9n ofrecemos otro tipo de papel como el reciclado, creando unas tarjetas perfectas para negocios que tienen que dar una imagen de sostenibilidad.<\/p>\n<p>Imprimimos las tarjetas tanto en impresi\u00f3n\u00a0<strong>Litogr\u00e1fica<\/strong>\u00a0como en impresi\u00f3n digital dependiendo de los plazos de entrega y cantidades.\u00a0 En ambos casos se utiliza la mejor tecnolog\u00eda del mercado para ofrecer los mejores acabados. Seleccione el precio tarjetas de visita en nuestra tabla en funci\u00f3n del plazo de entrega.<\/p>\n<p>Ofrecemos adem\u00e1s plazos de entrega adaptados a las necesidades de urgencia de nuestros clientes. Somos conscientes de que en ocasiones la urgencia es algo fundamental, por eso podemos imprimir tarjetas de visita hasta en 24 horas.<\/p>\n<p>Adem\u00e1s, ofrecemos una\u00a0<strong>gran variedad de formas y acabados<\/strong>.\u00a0 Realizamos laminados, cortes y troquelados, esquinas redondeadas, brillo UV en relieve. Tambi\u00e9n disponemos adem\u00e1s de papeles especiales como el papel Kraft o lino am\u00e9ricano.<\/p>\n<p>Todos estos acabados especiales los puede solicitar como presupuesto personalizado a trav\u00e9s de nuestros formularios de contacto, o directamente a nuestro mail.<\/p>\n<h4>Plazos Urgentes<\/h4>\n<p>Disponemos de plazos de entrega\u00a0<strong>urgentes<\/strong> para casi todos nuestros productos.\u00a0 Por otro lado, nos adaptamos a las necesidades de clientes en cuanto a lugares de entrega (entregamos en toda colombia), acabados, cantidades, plazos de entrega y cualquier necesidad que pueda surgir en el d\u00eda a d\u00eda de la empresa.<\/p>\n<p>Con Papeleria Empresarial podr\u00e1 imprimir sus tarjetas de presentaci\u00f3n baratas a una calidad incre\u00edble y con el dise\u00f1o que usted elija, <strong>personalizando<\/strong>\u00a0hasta el m\u00e1s m\u00ednimo detalle.<\/p>\n","protected":false},"excerpt":{"rendered":"<p>Tarjetas de presentacion Mate 4&#215;4 con Brillo Uv ambas Caras<\/p>\n<p>Impresi\u00f3n Litogr\u00e1fica<br \/>\nTama\u00f1o de Impresi\u00f3n 9&#215;5,5 cms<br \/>\nSangrado de 2 mm por cada lado<br \/>\nPapel Propalcote de 300 gramos Nacional<br \/>\nImpresi\u00f3n 4&#215;4 Tintas (Full Color 2 Caras)<br \/>\nPlastificado Mate y Brillo uv Ambas Caras<br \/>\nTiempo de Produccion 6-8 dias habiles<br \/>\nEntrega a Domicilio<br \/>\nInicio del Trabajo 50% y 50% Contra entrega (Bogot\u00e1) 100% otras Ciudades<\/p>\n","protected":false},"featured_media":1823,"comment_status":"open","ping_status":"closed","template":"","meta":{"_et_pb_use_builder":"","_et_pb_old_content":"","_et_gb_content_width":"","inline_featured_image":false,"_monsterinsights_skip_tracking":false,"_monsterinsights_sitenote_active":false,"_monsterinsights_sitenote_note":"","_monsterinsights_sitenote_category":0,"_joinchat":[]},"product_brand":[],"product_cat":[371,381],"product_tag":[],"class_list":{"0":"post-1684","1":"product","2":"type-product","3":"status-publish","4":"has-post-thumbnail","6":"product_cat-inicio","7":"product_cat-tarjetas-de-presentacion-papeleria-impresa","9":"first","10":"instock","11":"taxable","12":"shipping-taxable","13":"purchasable","14":"product-type-simple"},"aioseo_notices":[],"_links":{"self":[{"href":"https:\/\/papeleriaempresarial.com\/index.php?rest_route=\/wp\/v2\/product\/1684","targetHints":{"allow":["GET"]}}],"collection":[{"href":"https:\/\/papeleriaempresarial.com\/index.php?rest_route=\/wp\/v2\/product"}],"about":[{"href":"https:\/\/papeleriaempresarial.com\/index.php?rest_route=\/wp\/v2\/types\/product"}],"replies":[{"embeddable":true,"href":"https:\/\/papeleriaempresarial.com\/index.php?rest_route=%2Fwp%2Fv2%2Fcomments&post=1684"}],"wp:featuredmedia":[{"embeddable":true,"href":"https:\/\/papeleriaempresarial.com\/index.php?rest_route=\/wp\/v2\/media\/1823"}],"wp:attachment":[{"href":"https:\/\/papeleriaempresarial.com\/index.php?rest_route=%2Fwp%2Fv2%2Fmedia&parent=1684"}],"wp:term":[{"taxonomy":"product_brand","embeddable":true,"href":"https:\/\/papeleriaempresarial.com\/index.php?rest_route=%2Fwp%2Fv2%2Fproduct_brand&post=1684"},{"taxonomy":"product_cat","embeddable":true,"href":"https:\/\/papeleriaempresarial.com\/index.php?rest_route=%2Fwp%2Fv2%2Fproduct_cat&post=1684"},{"taxonomy":"product_tag","embeddable":true,"href":"https:\/\/papeleriaempresarial.com\/index.php?rest_route=%2Fwp%2Fv2%2Fproduct_tag&post=1684"}],"curies":[{"name":"wp","href":"https:\/\/api.w.org\/{rel}","templated":true}]}}