{"id":1690,"date":"2016-01-05T00:02:22","date_gmt":"2016-01-05T05:02:22","guid":{"rendered":"https:\/\/papeleriaempresarial.com?product=1000-facturas-tamano-carta"},"modified":"2025-06-05T13:05:48","modified_gmt":"2025-06-05T18:05:48","slug":"1000-facturas-tamano-carta","status":"publish","type":"product","link":"https:\/\/papeleriaempresarial.com\/?product=1000-facturas-tamano-carta","title":{"rendered":"500 Facturas  Tinta Original + 1 Copias Media Carta"},"content":{"rendered":"<div class=\"page-title-wrapper product\">\n<h1 class=\"page-title\"><span class=\"base\" data-ui-id=\"page-title-wrapper\">TALONARIOS E IMPRESION DE FACTURAS<\/span><\/h1>\n<\/div>\n<div class=\"tabs-wrapper hcol-1-1\">\n<div class=\"tab-wrapper\">\n<div class=\"tab-content collapsible-opened\">\n<p>Los <b>talonarios e impresi\u00f3n de Facturas<\/b> son una herramienta \u00fatil para la creaci\u00f3n de documentos de forma r\u00e1pida. Nos permite emitir escritos manuales con m\u00faltiples copias en muy poco tiempo. Son muy utilizados para facturas, contratos, ordenes de compra y toma de pedidos. No obstante, se pueden adaptar a diferentes necesidades. En <b>Papeleria Empresarial<\/b> se puede personalizar una gran cantidad de variables e imprimir los\u00a0 talonarios autocopia a la medida que se necesite impreso, de forma que su uso optimice su tiempo.<\/p>\n<\/div>\n<\/div>\n<\/div>\n","protected":false},"excerpt":{"rendered":"<p><span style=\"color: #000000;\"><strong>Producto:<\/strong> Facturas<\/span><br \/>\n<span style=\"color: #000000;\"><strong>Cantidad:<\/strong> 500 unidades<\/span><br \/>\n<span style=\"color: #000000;\"><strong>Impresi\u00f3n:<\/strong> Litogr\u00e1fica<\/span><br \/>\n<span style=\"color: #000000;\"><strong>Tintas:<\/strong> 1 Tintas<\/span><br \/>\n<span style=\"color: #000000;\"><strong>Copias<\/strong>: 1 Copia (es Decir Viene el Original y\u00a0 Copia Final ) 2 Hojas\u00a0<\/span><br \/>\n<span style=\"color: #000000;\"><strong>Tipo de papel:<\/strong> Quimico\u00a0<\/span><br \/>\n<span style=\"color: #000000;\"><strong>Terminado: <\/strong>Numerados, Perforados<\/span><br \/>\n<span style=\"color: #000000;\"><strong>Tama\u00f1o:<\/strong> Carta<\/span><br \/>\n<span style=\"color: #000000;\"><strong>Terminado:<\/strong>\u00a0Lincoln Tapa Antiescritura.<\/span><\/p>\n","protected":false},"featured_media":1740,"comment_status":"open","ping_status":"closed","template":"","meta":{"_et_pb_use_builder":"","_et_pb_old_content":"","_et_gb_content_width":"","inline_featured_image":false,"_monsterinsights_skip_tracking":false,"_monsterinsights_sitenote_active":false,"_monsterinsights_sitenote_note":"","_monsterinsights_sitenote_category":0,"_joinchat":[]},"product_brand":[],"product_cat":[371],"product_tag":[458,459],"class_list":{"0":"post-1690","1":"product","2":"type-product","3":"status-publish","4":"has-post-thumbnail","6":"product_cat-inicio","7":"product_tag-facturas","8":"product_tag-impresion-de-facturas","10":"first","11":"instock","12":"taxable","13":"shipping-taxable","14":"purchasable","15":"product-type-simple"},"aioseo_notices":[],"_links":{"self":[{"href":"https:\/\/papeleriaempresarial.com\/index.php?rest_route=\/wp\/v2\/product\/1690","targetHints":{"allow":["GET"]}}],"collection":[{"href":"https:\/\/papeleriaempresarial.com\/index.php?rest_route=\/wp\/v2\/product"}],"about":[{"href":"https:\/\/papeleriaempresarial.com\/index.php?rest_route=\/wp\/v2\/types\/product"}],"replies":[{"embeddable":true,"href":"https:\/\/papeleriaempresarial.com\/index.php?rest_route=%2Fwp%2Fv2%2Fcomments&post=1690"}],"wp:featuredmedia":[{"embeddable":true,"href":"https:\/\/papeleriaempresarial.com\/index.php?rest_route=\/wp\/v2\/media\/1740"}],"wp:attachment":[{"href":"https:\/\/papeleriaempresarial.com\/index.php?rest_route=%2Fwp%2Fv2%2Fmedia&parent=1690"}],"wp:term":[{"taxonomy":"product_brand","embeddable":true,"href":"https:\/\/papeleriaempresarial.com\/index.php?rest_route=%2Fwp%2Fv2%2Fproduct_brand&post=1690"},{"taxonomy":"product_cat","embeddable":true,"href":"https:\/\/papeleriaempresarial.com\/index.php?rest_route=%2Fwp%2Fv2%2Fproduct_cat&post=1690"},{"taxonomy":"product_tag","embeddable":true,"href":"https:\/\/papeleriaempresarial.com\/index.php?rest_route=%2Fwp%2Fv2%2Fproduct_tag&post=1690"}],"curies":[{"name":"wp","href":"https:\/\/api.w.org\/{rel}","templated":true}]}}