{"id":1904,"date":"2022-04-21T14:06:16","date_gmt":"2022-04-21T19:06:16","guid":{"rendered":"https:\/\/papeleriaempresarial.com?post_type=product&#038;p=1904"},"modified":"2025-06-06T04:45:27","modified_gmt":"2025-06-06T09:45:27","slug":"hojas-membretes","status":"publish","type":"product","link":"https:\/\/papeleriaempresarial.com\/?product=hojas-membretes","title":{"rendered":"1000 Membretes Full Color"},"content":{"rendered":"<h2><strong>IMPRESI\u00d3N DE MEMBRETES<\/strong><\/h2>\n<p>El papel para cartas se utiliza com\u00fanmente para enviar documentos administrativos como\u00a0<b>facturas, cotizaciones, contratos, licitaciones con hojas membretes<\/b> entre la multitud de posibilidades. Empl\u00e9elo como papel de impresi\u00f3n normal, generando a computador sus textos en el papel Membrete. As\u00ed, se dispone de un documento de la mejor calidad litogr\u00e1fica con todos los colores corporativos de su marca.<\/p>\n<p>Le recomendamos el dise\u00f1o de hojas membreteadas que ocupe los m\u00e1rgenes, dejando la zona de escritura lo m\u00e1s limpia posible. Esto permite la impresi\u00f3n de textos sobre ella, facilitando su lectura y dando un aspecto m\u00e1s formal y elegante. En general, los colores empleados en el dise\u00f1o deben ser acordes entre s\u00ed y a tu imagen corporativa. Adem\u00e1s, recomendamos un fondo blanco o de color muy claro.<\/p>\n<p>En\u00a0<b>Papeleria Empresarial <\/b>\u00a0somos especialistas en toda clase de impresiones de empresa y corporativas. Imprima con nosotros su papel de cartas con logo y compruebe sus resultados.<\/p>\n<h3><strong>CARACTER\u00cdSTICAS<\/strong><\/h3>\n<p>Papel de cartas impreso a\u00a0<b>color<\/b>\u00a0sobre\u00a0<b>papel bond<\/b>\u00a0de 90 g\/m<sup>2<\/sup>. Este papel es perfecto para su escritura o para la impresi\u00f3n en toda clase de m\u00e1quinas, tanto l\u00e1ser como\u00a0<i>inkjet<\/i>. Gracias a su gramaje, nuestro papel membreteado es ligero y f\u00e1cilmente plegable, para acomodarlo en el interior de un sobre.<\/p>\n<p>Podemos imprimir el papel corporativo con membrete a una o a dos caras sin coste adicional.<\/p>\n<p>La\u00a0<strong>medida<\/strong> que realizamos es\u00a0 Carta (21.5 x 27.9 cm), ya que es la medida est\u00e1ndar de impresi\u00f3n en documentos y las dimensiones a las que est\u00e1n adaptadas las impresoras dom\u00e9sticas. No obstante, podemos ajustarnos a medidas concretas o a otros tama\u00f1os, seg\u00fan nos informe, <strong>membretes tama\u00f1o<\/strong> oficio o tama\u00f1o octavo<\/p>\n","protected":false},"excerpt":{"rendered":"<p>Hojas Membreteadas Tama\u00f1o Carta<br \/>\nPapel Bond de 75 Gramos Nacional<br \/>\nTama\u00f1o 21.5&#215;27.9 cms<br \/>\nImpresion por una o Dos caras, Seg\u00fan Requerimiento.<br \/>\nEntrega a domicilio sin costo.<\/p>\n","protected":false},"featured_media":1731,"comment_status":"open","ping_status":"closed","template":"","meta":{"_et_pb_use_builder":"","_et_pb_old_content":"","_et_gb_content_width":"","inline_featured_image":false,"_monsterinsights_skip_tracking":false,"_monsterinsights_sitenote_active":false,"_monsterinsights_sitenote_note":"","_monsterinsights_sitenote_category":0,"_joinchat":[]},"product_brand":[],"product_cat":[349],"product_tag":[],"class_list":{"0":"post-1904","1":"product","2":"type-product","3":"status-publish","4":"has-post-thumbnail","6":"product_cat-uncategorized","8":"first","9":"instock","10":"sale","11":"taxable","12":"shipping-taxable","13":"purchasable","14":"product-type-simple"},"aioseo_notices":[],"_links":{"self":[{"href":"https:\/\/papeleriaempresarial.com\/index.php?rest_route=\/wp\/v2\/product\/1904","targetHints":{"allow":["GET"]}}],"collection":[{"href":"https:\/\/papeleriaempresarial.com\/index.php?rest_route=\/wp\/v2\/product"}],"about":[{"href":"https:\/\/papeleriaempresarial.com\/index.php?rest_route=\/wp\/v2\/types\/product"}],"replies":[{"embeddable":true,"href":"https:\/\/papeleriaempresarial.com\/index.php?rest_route=%2Fwp%2Fv2%2Fcomments&post=1904"}],"wp:featuredmedia":[{"embeddable":true,"href":"https:\/\/papeleriaempresarial.com\/index.php?rest_route=\/wp\/v2\/media\/1731"}],"wp:attachment":[{"href":"https:\/\/papeleriaempresarial.com\/index.php?rest_route=%2Fwp%2Fv2%2Fmedia&parent=1904"}],"wp:term":[{"taxonomy":"product_brand","embeddable":true,"href":"https:\/\/papeleriaempresarial.com\/index.php?rest_route=%2Fwp%2Fv2%2Fproduct_brand&post=1904"},{"taxonomy":"product_cat","embeddable":true,"href":"https:\/\/papeleriaempresarial.com\/index.php?rest_route=%2Fwp%2Fv2%2Fproduct_cat&post=1904"},{"taxonomy":"product_tag","embeddable":true,"href":"https:\/\/papeleriaempresarial.com\/index.php?rest_route=%2Fwp%2Fv2%2Fproduct_tag&post=1904"}],"curies":[{"name":"wp","href":"https:\/\/api.w.org\/{rel}","templated":true}]}}