{"id":2418,"date":"2022-08-30T14:50:36","date_gmt":"2022-08-30T19:50:36","guid":{"rendered":"https:\/\/papeleriaempresarial.com\/?post_type=product&#038;p=2418"},"modified":"2025-06-05T19:04:19","modified_gmt":"2025-06-06T00:04:19","slug":"500-imanes-para-nevera-9x5","status":"publish","type":"product","link":"https:\/\/papeleriaempresarial.com\/?product=500-imanes-para-nevera-9x5","title":{"rendered":"500 Imanes para Nevera 9&#215;5"},"content":{"rendered":"<p><strong>Imanes personalizados<\/strong><\/p>\n<p>Disponemos de nuestro Impactante producto, los <strong>imanes publicitarios<\/strong>.<\/p>\n<p>Estos\u00a0<strong>imanes de nevera<\/strong>\u00a0personalizados son ideales para realizar publicidad de manera sencilla y econ\u00f3mica. Puedes imprimir el logo de tu empresa, un eslogan que enganche o incluso los datos de la misma y repartirlos de manera generosa y gratuita para llegar de manera m\u00e1s cercana al p\u00fablico.<\/p>\n<p>En esta nueva secci\u00f3n de imanes disponemos de tres medidas diferentes. 8,5 x 5,4 cm<\/p>\n<p>Todos ellos llevan impresi\u00f3n a todo color por una cara, sobre una superficie imantada negra y flexible de 2.5 micras.<\/p>\n<p>Se sobreentiende que el reverso no tiene impresi\u00f3n y todos los imanes se realizan con los lados rectos.<\/p>\n<p>En caso de que se desee realizar un im\u00e1n Troquelado, es decir con una forma especial, se debe cotizar para poderle brindar el valor exacto que tendr\u00eda el precio de su im\u00e1n<\/p>\n<p>\u00bfA que est\u00e1s esperando? Hazte ya con tus <strong>imanes personalizados<\/strong>\u00a0y haz\u00a0<strong>publicidad<\/strong>\u00a0de manera \u00fatil y r\u00e1pida.<\/p>\n","protected":false},"excerpt":{"rendered":"<p><strong>500 \u00a0Imanes personalizados<\/strong><\/p>\n<p>En Papeleria Empresarial disponemos de nuestro Impactante producto, los <strong>imanes publicitarios<\/strong>.<\/p>\n<p>Estos\u00a0<strong>imanes de nevera<\/strong>\u00a0personalizados son ideales para realizar publicidad de manera sencilla y econ\u00f3mica. Puedes imprimir el logo de tu empresa, un eslogan que enganche o incluso los datos de la misma y repartirlos de manera generosa y gratuita para llegar de manera m\u00e1s cercana al p\u00fablico.<\/p>\n","protected":false},"featured_media":1719,"comment_status":"open","ping_status":"closed","template":"","meta":{"_et_pb_use_builder":"","_et_pb_old_content":"","_et_gb_content_width":"","inline_featured_image":false,"_monsterinsights_skip_tracking":false,"_monsterinsights_sitenote_active":false,"_monsterinsights_sitenote_note":"","_monsterinsights_sitenote_category":0,"_joinchat":{"telephone":"+573112449877","message_text":"Hola,\nComo Podemos Ayudarle el d\u00eda de hoy","message_send":"Hola, estoy solicitando informaci\u00f3n sobre imanes x 500 unidades"}},"product_brand":[],"product_cat":[387,388,384,382,386,373,376,372,371,377,380,389,383,385,378,381,390],"product_tag":[437,438,435,434,432,433,436],"class_list":{"0":"post-2418","1":"product","2":"type-product","3":"status-publish","4":"has-post-thumbnail","6":"product_cat-afiches-publicitarios","7":"product_cat-blocks-de-notas","8":"product_cat-carpetas-empresariales","9":"product_cat-facturas","10":"product_cat-hojas-de-membrete","11":"product_cat-impresion-de-papeleria","12":"product_cat-impresion-especial","13":"product_cat-impresiones","14":"product_cat-inicio","15":"product_cat-papeleria-impresa","16":"product_cat-plegables","17":"product_cat-revistas","18":"product_cat-sobres-empresariales","19":"product_cat-talonarios-para-rifas","20":"product_cat-talonarios-y-blocs","21":"product_cat-tarjetas-de-presentacion-papeleria-impresa","22":"product_cat-volantes-flyers","23":"product_tag-imanes-publicidad-bogota","24":"product_tag-imanes-publicidad-cartagena","25":"product_tag-imanes-publicitarios","26":"product_tag-impresion-de-imanes","27":"product_tag-impresion-de-imanes-para-nevera","28":"product_tag-impresion-de-imanes-publicitario","29":"product_tag-impresion-imanes-nevera","31":"first","32":"instock","33":"taxable","34":"shipping-taxable","35":"purchasable","36":"product-type-simple"},"aioseo_notices":[],"_links":{"self":[{"href":"https:\/\/papeleriaempresarial.com\/index.php?rest_route=\/wp\/v2\/product\/2418","targetHints":{"allow":["GET"]}}],"collection":[{"href":"https:\/\/papeleriaempresarial.com\/index.php?rest_route=\/wp\/v2\/product"}],"about":[{"href":"https:\/\/papeleriaempresarial.com\/index.php?rest_route=\/wp\/v2\/types\/product"}],"replies":[{"embeddable":true,"href":"https:\/\/papeleriaempresarial.com\/index.php?rest_route=%2Fwp%2Fv2%2Fcomments&post=2418"}],"wp:featuredmedia":[{"embeddable":true,"href":"https:\/\/papeleriaempresarial.com\/index.php?rest_route=\/wp\/v2\/media\/1719"}],"wp:attachment":[{"href":"https:\/\/papeleriaempresarial.com\/index.php?rest_route=%2Fwp%2Fv2%2Fmedia&parent=2418"}],"wp:term":[{"taxonomy":"product_brand","embeddable":true,"href":"https:\/\/papeleriaempresarial.com\/index.php?rest_route=%2Fwp%2Fv2%2Fproduct_brand&post=2418"},{"taxonomy":"product_cat","embeddable":true,"href":"https:\/\/papeleriaempresarial.com\/index.php?rest_route=%2Fwp%2Fv2%2Fproduct_cat&post=2418"},{"taxonomy":"product_tag","embeddable":true,"href":"https:\/\/papeleriaempresarial.com\/index.php?rest_route=%2Fwp%2Fv2%2Fproduct_tag&post=2418"}],"curies":[{"name":"wp","href":"https:\/\/api.w.org\/{rel}","templated":true}]}}